{"id":3658,"date":"2018-04-04T12:41:59","date_gmt":"2018-04-04T11:41:59","guid":{"rendered":"https:\/\/lartesa.es\/qui-som\/"},"modified":"2025-07-21T17:18:43","modified_gmt":"2025-07-21T16:18:43","slug":"qui-som","status":"publish","type":"page","link":"https:\/\/lartesa.es\/ca\/qui-som\/","title":{"rendered":"Qui som"},"content":{"rendered":"<p>[cl_row background_image=\u201did:1565|url:https%253A%252F%252Flartesa.es%252Fwp-content%252Fuploads%252F2025%252F06%252Fbg_quienessomos.webp\u201d css_style=\u201dpadding-bottom:30px|padding-top:30px\u201d parallax=\u201d1\u2033 animation=\u201dalpha-anim\u201d animation_speed=\u201d600\u2033 background_position=\u201dcenter center\u201d][cl_column][cl_custom_heading typography=\u201dcustom_font\u201d text_font_size=\u201d65\u2033 text_font_weight=\u201d600\u2033 text_color=\u201d#ffffff\u201d color_icon=\u201d#222222\u2033 css_style=\u201dmargin-top:|padding-top:180px|padding-bottom:100px\u201d text_line_height=\u201d127\u2033]<\/p>\n<p style=\"text-align: center\">QUI SOM<\/p>\n<p>\t[\/cl_custom_heading][\/cl_column][\/cl_row][cl_row css_style=\u201dpadding-top:75px|padding-bottom:75px\u201d row_id=\u201dhistoria\u201d][cl_column horizontal_align=\u201dmiddle\u201d text_color=\u201dlight-text\u201d][cl_custom_heading typography=\u201dh1\u2033 text_font_family=\u201dGreat Vibes\u201d text_font_size=\u201d60\u2033 text_font_weight=\u201d400\u2033 text_line_height=\u201d60\u2033 text_transform=\u201dnone\u201d text_color=\u201d#eae5d6\u2033 color_icon=\u201d#222222\u2033]<\/p>\n<p><font color=\"#91a831\"><span><mark class=\"highlight\">LA NOSTRA<\/mark> HIST\u00d2RIA<\/span><\/font><\/p>\n<p>\t[\/cl_custom_heading][cl_text margin_paragraphs=\u201d0\u2033 custom_typography=\u201d1\u2033 text_font_size=\u201d16\u2033 text_line_height=\u201d24\u2033 text_color=\u201d#3b3b3b\u201d]<\/p>\n<p style=\"margin-top: 0px;margin-bottom: 0px\"><i>A L\u2019Artes\u00e0 tot comen\u00e7a amb un somni senzill: cultivar la terra, respectar els seus temps i compartir-ne els fruits. Aquesta \u00e9s la hist\u00f2ria de com la passi\u00f3 per l\u2019aut\u00e8ntic va donar vida a un projecte que connecta natura, cuina i comunitat. <\/i><\/p>\n<p>[\/cl_text][cl_row_inner css_style=\u201dmargin-top:60px\u201d][cl_column_inner width=\u201d1\/2\u2033][cl_media position=\u201dcenter\u201d image=\u201did:1059|url:https%253A%252F%252Flartesa.es%252Fwp-content%252Fuploads%252F2025%252F05%252FLARTESA-FULL-LOGO.svg\u201d custom_width_bool=\u201d1\u2033 custom_width=\u201d200px\u201d][cl_text custom_typography=\u201d1\u2033 text_font_size=\u201d16\u2033 text_line_height=\u201d30\u2033 text_color=\u201d#3b3b3b\u201d]<\/p>\n<p style=\"text-align: left\">Tot va comen\u00e7ar amb una <b>finca<\/b> \u00a0a<b> L\u2019Atz\u00fabia,<\/b> cultivada sense qu\u00edmics i amb respecte pels cicles naturals.<\/p>\n<p style=\"text-align: left\">Amb el temps, aquest projecte va donar pas al restaurant, on avui transformem productes de la nostra pr\u00f2pia terra i de productors locals sostenibles en <b>plats plens de sabor i sentit.<\/b><\/p>\n<p style=\"text-align: left\"><b>A L\u2019Artes\u00e0<\/b> creiem que cada ingredient t\u00e9 una hist\u00f2ria per explicar.<\/p>\n<p style=\"text-align: left\">Aquesta convicci\u00f3 \u00e9s la que guia la nostra cuina, arrelada en els productes locals i de temporada.<\/p>\n<p style=\"text-align: left\">Treballem estretament amb petits productors de la Marina Alta, units per un valor essencial: el respecte a la terra i a les persones que la treballen.<\/p>\n<p>[\/cl_text][cl_button btn_title=\u201dReserve la seua taula\u201d overwrite_style=\u201d1\u2033 button_border_color=\u201d#d7ac2c\u201d link=\u201d\/reservas\/\u201d][\/cl_column_inner][cl_column_inner width=\u201d1\/2\u2033][cl_media image=\u201did:2095|url:https%253A%252F%252Flartesa.es%252Fwp-content%252Fuploads%252F2025%252F06%252Fcampo.webp\u201d][\/cl_column_inner][\/cl_row_inner][\/cl_column][\/cl_row][cl_row custom_width_bool=\u201d1\u2033 custom_width=\u201d1240\u2033 columns_gap=\u201d0\u2033 css_style=\u201dpadding-top:55px|padding-bottom:55px\u201d background_color=\u201d#f7f4ed\u201d background_image=\u201did:727|mime:image%252Fjpeg|url:https%253A%252F%252Fcodeless.co%252Fpicante%252Forganic%252Fwp-content%252Fuploads%252F2018%252F06%252Fbackground-compressed.jpg\u201d row_id=\u201dequipo\u201d][cl_column horizontal_align=\u201dmiddle\u201d text_color=\u201dlight-text\u201d inline_elements=\u201d1\u2033][cl_custom_heading typography=\u201dh1\u2033 text_font_family=\u201dGreat Vibes\u201d text_font_size=\u201d60\u2033 text_font_weight=\u201d400\u2033 text_line_height=\u201d60\u2033 text_transform=\u201dnone\u201d text_color=\u201d#eae5d6\u2033 color_icon=\u201d#222222\u2033]<\/p>\n<p style=\"text-align: center\"><mark class=\"highlight\">CON\u00c8IX EL NOSTRE<\/mark> \u00a0EQUIP\u00a0<\/p>\n<p>\t[\/cl_custom_heading][cl_custom_heading]<\/p>\n<p>Darrere de L\u2019Artes\u00e0 hi ha un equip de professionals apassionats i cosmopolites units per l\u2019amor a la gastronomia sostenible.<\/p>\n<p>\t[\/cl_custom_heading][cl_button btn_title=\u201dReserve la seua taula\u201d overwrite_style=\u201d1\u2033 button_border_color=\u201d#d7ac2c\u201d link=\u201d\/reservas\/\u201d][\/cl_column][\/cl_row][cl_row row_type=\u201dcontainer-fluid\u201d columns_gap=\u201d0\u2033 css_style=\u201dpadding-top:0px|padding-bottom:0px\u201d background_color=\u201d#f7f4ed\u201d][cl_column css_style=\u201dpadding-top:0px|padding-bottom:0px\u201d][cl_team team_items_distance=\u201d0\u2033 title_typography=\u201dh4\u2033 grid_layout=\u201d2\u2033][\/cl_column][\/cl_row][cl_row background_color=\u201d#ffffff\u201d css_style=\u201dpadding-top:75px|padding-bottom:75px\u201d row_id=\u201dterrazas\u201d][cl_column horizontal_align=\u201dmiddle\u201d text_color=\u201dlight-text\u201d][cl_row_inner css_style=\u201dmargin-top:60px\u201d][cl_column_inner width=\u201d1\/2\u2033][cl_media image=\u201did:2016|url:https%253A%252F%252Flartesa.es%252Fwp-content%252Fuploads%252F2025%252F06%252Fadsubia_b.webp\u201d][\/cl_column_inner][cl_column_inner width=\u201d1\/2\u2033][cl_media position=\u201dcenter\u201d image=\u201did:2013|url:https%253A%252F%252Flartesa.es%252Fwp-content%252Fuploads%252F2025%252F06%252Fterrazas_de_adubia_%25402x.webp\u201d image_size=\u201dtheme_default\u201d custom_width_bool=\u201d1\u2033 custom_width=\u201d180px\u201d][cl_text custom_typography=\u201d1\u2033 text_font_size=\u201d16\u2033 text_line_height=\u201d30\u2033 text_color=\u201d#3b3b3b\u201d]<\/p>\n<p style=\"text-align: left\"><b>Terrazas de Adsubia<\/b> \u00e9s una marca fundada per compartir amb el major nombre possible de persones els <b>fruits d\u2019una terra conreada amb respecte, \u00e8tica i passi\u00f3,<\/b> i inspirar noves vocacions.<\/p>\n<p style=\"text-align: left\">M\u00e9s enll\u00e0 del restaurant, aquest projecte pret\u00e9n conscienciar sobre l\u2019ecologia i promoure una <b>agricultura responsable<\/b>. Aviat estar\u00e0 disponible una gamma de productes alimentaris ecol\u00f2gics, fidel reflex del nostre entorn i el nostre comprom\u00eds. <\/p>\n<p style=\"text-align: left\">Invitarem totes les persones interessades a descobrir les nostres plantacions, participar en la collita, comprendre el ritme natural de cada fruita i verdura, i gaudir d\u2019una \u00e0mplia varietat d\u2019experi\u00e8ncies compartides al voltant de la terra i els \u00e9ssers vius.<\/p>\n<p style=\"text-align: left\">Aquest \u00e9s el nostre comprom\u00eds, i esperem que tamb\u00e9 esdevingui el vostre.<\/p>\n<p style=\"text-align: left\">Estigueu atent, esperem amb il\u00b7lusi\u00f3 donar-vos la benvinguda a aquesta meravellosa aventura.<\/p>\n<p>[\/cl_text][\/cl_column_inner][\/cl_row_inner][\/cl_column][\/cl_row][cl_row][cl_column][cl_row_inner][cl_column_inner width=\u201d1\/3\u2033][cl_media image=\u201did:1560|url:https%253A%252F%252Flartesa.es%252Fwp-content%252Fuploads%252F2025%252F06%252Fcampo1.webp\u201d][\/cl_column_inner][cl_column_inner width=\u201d1\/3\u2033][cl_media image=\u201did:1558|url:https%253A%252F%252Flartesa.es%252Fwp-content%252Fuploads%252F2025%252F06%252Fcampo2.webp\u201d][\/cl_column_inner][cl_column_inner width=\u201d1\/3\u2033][cl_media image=\u201did:1561|url:https%253A%252F%252Flartesa.es%252Fwp-content%252Fuploads%252F2025%252F06%252Fcampo3.webp\u201d][\/cl_column_inner][\/cl_row_inner][\/cl_column][\/cl_row][cl_row css_style=\u201dpadding-top:70px|padding-bottom:70px\u201d custom_width_bool=\u201d1\u2033 custom_width=\u201d850\u2033][cl_column horizontal_align=\u201dmiddle\u201d][cl_custom_heading typography=\u201dh1\u2033 text_font_family=\u201dGreat Vibes\u201d text_font_size=\u201d60\u2033 text_font_weight=\u201d400\u2033 text_line_height=\u201d60\u2033 text_transform=\u201dnone\u201d text_color=\u201d#eae5d6\u2033 color_icon=\u201d#222222\u2033 css_style=\u201dmargin-top:70px\u201d]<\/p>\n<p><mark class=\"highlight\">CONTACTA<\/mark> \u00a0AMB L\u2019ARTES\u00c0<\/p>\n<p>\t[\/cl_custom_heading][cl_custom_heading typography=\u201dh3\u2033 text_font_family=\u201dGreat Vibes\u201d text_font_size=\u201d60\u2033 text_font_weight=\u201d400\u2033 text_line_height=\u201d60\u2033 text_transform=\u201dnone\u201d text_color=\u201d#eae5d6\u2033 color_icon=\u201d#222222\u2033]<\/p>\n<p>Tamb\u00e9 pots trucar-nos al \u00a0<span style=\"letter-spacing: 0px\"><a href=\"tel:+34602086191\">+34 602 086 191<\/a><\/span><\/p>\n<p>[\/cl_custom_heading][cl_custom_heading typography=\u201dh3\u2033 text_font_family=\u201dGreat Vibes\u201d text_font_size=\u201d60\u2033 text_font_weight=\u201d400\u2033 text_line_height=\u201d60\u2033 text_transform=\u201dnone\u201d text_color=\u201d#eae5d6\u2033 color_icon=\u201d#222222\u2033]<\/p>\n<p><a href=\"mailto:info@lartesa.es\">info@lartesa.es<\/a><\/p>\n<p>\t[\/cl_custom_heading][cl_contact_form7 id=\u201d3673\u2033 style=\u201dborder\u201d][\/cl_column][\/cl_row][cl_row row_type=\u201dcontainer-fluid\u201d columns_gap=\u201d0\u2033 css_style=\u201dpadding-top:|padding-bottom:\u201d][cl_column css_style=\u201dpadding-top:|padding-bottom:\u201d][cl_map api_key=\u201dAIzaSyDdN5JiSkNSqrCmAAnTHYMdAfL89T7fEA8\u2033 lat_lon=\u201d38.84852796293958, -0.15170314567140386\u2033 style=\u201dapple_style\u201d css_style=\u201dmargin-top:\u201d height=\u201d350\u2033][\/cl_column][\/cl_row]<\/p>\n","protected":false},"excerpt":{"rendered":"<p>[cl_row background_image=\u201did:1565|url:https%253A%252F%252Flartesa.es%252Fwp-content%252Fuploads%252F2025%252F06%252Fbg_quienessomos.webp\u201d css_style=\u201dpadding-bottom:30px|padding-top:30px\u201d parallax=\u201d1\u2033 animation=\u201dalpha-anim\u201d animation_speed=\u201d600\u2033 background_position=\u201dcenter center\u201d][cl_column][cl_custom_heading typography=\u201dcustom_font\u201d text_font_size=\u201d65\u2033 text_font_weight=\u201d600\u2033 text_color=\u201d#ffffff\u201d color_icon=\u201d#222222\u2033 css_style=\u201dmargin-top:|padding-top:180px|padding-bottom:100px\u201d text_line_height=\u201d127\u2033] QUI SOM [\/cl_custom_heading][\/cl_column][\/cl_row][cl_row css_style=\u201dpadding-top:75px|padding-bottom:75px\u201d row_id=\u201dhistoria\u201d][cl_column horizontal_align=\u201dmiddle\u201d text_color=\u201dlight-text\u201d][cl_custom_heading typography=\u201dh1\u2033 text_font_family=\u201dGreat Vibes\u201d text_font_size=\u201d60\u2033 text_font_weight=\u201d400\u2033 text_line_height=\u201d60\u2033 text_transform=\u201dnone\u201d text_color=\u201d#eae5d6\u2033 color_icon=\u201d#222222\u2033] LA NOSTRA HIST\u00d2RIA [\/cl_custom_heading][cl_text margin_paragraphs=\u201d0\u2033 custom_typography=\u201d1\u2033 text_font_size=\u201d16\u2033 text_line_height=\u201d24\u2033 text_color=\u201d#3b3b3b\u201d] A L\u2019Artes\u00e0 tot comen\u00e7a amb un somni senzill: cultivar la terra, respectar els seus temps i compartir-ne els fruits. Aquesta \u00e9s la hist\u00f2ria de com la passi\u00f3 per l\u2019aut\u00e8ntic va donar vida a un projecte que connecta natura, cuina i comunitat. [\/cl_text][cl_row_inner css_style=\u201dmargin-top:60px\u201d][cl_column_inner width=\u201d1\/2\u2033][cl_media position=\u201dcenter\u201d image=\u201did:1059|url:https%253A%252F%252Flartesa.es%252Fwp-content%252Fuploads%252F2025%252F05%252FLARTESA-FULL-LOGO.svg\u201d custom_width_bool=\u201d1\u2033 custom_width=\u201d200px\u201d][cl_text custom_typography=\u201d1\u2033 text_font_size=\u201d16\u2033 text_line_height=\u201d30\u2033 text_color=\u201d#3b3b3b\u201d] Tot va comen\u00e7ar amb una finca \u00a0a L\u2019Atz\u00fabia, cultivada sense qu\u00edmics i amb respecte pels cicles naturals. Amb el temps, aquest projecte va donar pas al restaurant, on avui transformem productes de la nostra pr\u00f2pia terra i de productors locals sostenibles en plats plens de sabor i sentit. A L\u2019Artes\u00e0 creiem que cada ingredient t\u00e9 una hist\u00f2ria per explicar. Aquesta convicci\u00f3 \u00e9s la que guia la nostra cuina, arrelada en els productes locals i de temporada. Treballem estretament amb petits productors de la Marina Alta, units per un valor essencial: el respecte a la terra i a les persones que la treballen. [\/cl_text][cl_button btn_title=\u201dReserve la seua taula\u201d overwrite_style=\u201d1\u2033 [&hellip;]<\/p>\n","protected":false},"author":2,"featured_media":0,"parent":0,"menu_order":0,"comment_status":"closed","ping_status":"closed","template":"","meta":{"inline_featured_image":false,"footnotes":""},"class_list":["post-3658","page","type-page","status-publish","hentry"],"jetpack_sharing_enabled":true,"_links":{"self":[{"href":"https:\/\/lartesa.es\/ca\/wp-json\/wp\/v2\/pages\/3658","targetHints":{"allow":["GET"]}}],"collection":[{"href":"https:\/\/lartesa.es\/ca\/wp-json\/wp\/v2\/pages"}],"about":[{"href":"https:\/\/lartesa.es\/ca\/wp-json\/wp\/v2\/types\/page"}],"author":[{"embeddable":true,"href":"https:\/\/lartesa.es\/ca\/wp-json\/wp\/v2\/users\/2"}],"replies":[{"embeddable":true,"href":"https:\/\/lartesa.es\/ca\/wp-json\/wp\/v2\/comments?post=3658"}],"version-history":[{"count":4,"href":"https:\/\/lartesa.es\/ca\/wp-json\/wp\/v2\/pages\/3658\/revisions"}],"predecessor-version":[{"id":3989,"href":"https:\/\/lartesa.es\/ca\/wp-json\/wp\/v2\/pages\/3658\/revisions\/3989"}],"wp:attachment":[{"href":"https:\/\/lartesa.es\/ca\/wp-json\/wp\/v2\/media?parent=3658"}],"curies":[{"name":"wp","href":"https:\/\/api.w.org\/{rel}","templated":true}]}}