{"id":3915,"date":"2025-07-15T11:16:35","date_gmt":"2025-07-15T10:16:35","guid":{"rendered":"https:\/\/lartesa.es\/brunch\/"},"modified":"2025-07-16T17:27:42","modified_gmt":"2025-07-16T16:27:42","slug":"brunch","status":"publish","type":"page","link":"https:\/\/lartesa.es\/ca\/brunch\/","title":{"rendered":"Brunch"},"content":{"rendered":"\n<h2 class=\"wp-block-heading\">Men\u00fa Brunch<\/h2>\n\n\n\n<figure class=\"wp-block-table is-style-stripes\"><table class=\"has-fixed-layout\"><tbody><tr><td>Croissants, melmelada, mantega, amanida de fruita, caputxino o caf\u00e8 i suc natural<\/td><td class=\"has-text-align-right\" data-align=\"right\">10.00 \u20ac<\/td><\/tr><tr><td>Civada amb fruites de temporada i mel, suc natural, infusi\u00f3 o caf\u00e8<\/td><td class=\"has-text-align-right\" data-align=\"right\">11.00 \u20ac<\/td><\/tr><tr><td>Taula degustaci\u00f3 d\u2019hummus de temporada, crudit\u00e9s, pa casol\u00e0 torrat, grissinis, olives, adobats i fruita (per a 2 persones)<\/td><td class=\"has-text-align-right\" data-align=\"right\">18.50 \u20ac<\/td><\/tr><tr><td>Bol de fruita de temporada, iogurt, granola casolana, torrada amb alvocat, tomacets cherry i coriandre, suc natural, te o caf\u00e8<\/td><td class=\"has-text-align-right\" data-align=\"right\">13.00 \u20ac<\/td><\/tr><tr><td>Pa casol\u00e0, mantega, ous, xampinyons, alvocat, crema de pebre rostit, suc natural, infusi\u00f3 o caf\u00e8<\/td><td class=\"has-text-align-right\" data-align=\"right\">13.00 \u20ac<\/td><\/tr><tr><td>Pa casol\u00e0, mantega, embotit, formatge i ou bullit<\/td><td class=\"has-text-align-right\" data-align=\"right\">12.00 \u20ac<\/td><\/tr><tr><td>Ous Benedict Royal de tonyina o Florentins, amanida de fruita, suc natural, infusi\u00f3 o caf\u00e8<\/td><td class=\"has-text-align-right\" data-align=\"right\">15.00 \u20ac<\/td><\/tr><\/tbody><\/table><\/figure>\n\n\n\n<h2 class=\"wp-block-heading\">Brunch a la carta<\/h2>\n\n\n\n<figure class=\"wp-block-table is-style-stripes\"><table class=\"has-fixed-layout\"><tbody><tr><td>Cistella amb pa casol\u00e0<\/td><td class=\"has-text-align-right\" data-align=\"right\">2.50 \u20ac<\/td><\/tr><tr><td>Ou ecol\u00f2gic bullit<\/td><td class=\"has-text-align-right\" data-align=\"right\">2.50 \u20ac<\/td><\/tr><tr><td>Ous benedictins amb tonyina sostenible<\/td><td class=\"has-text-align-right\" data-align=\"right\">9.00 \u20ac<\/td><\/tr><tr><td>Ous Florentins<\/td><td class=\"has-text-align-right\" data-align=\"right\">9.00 \u20ac<\/td><\/tr><tr><td>Ous Royal<\/td><td class=\"has-text-align-right\" data-align=\"right\">10.00 \u20ac<\/td><\/tr><tr><td>Torrades d\u2019alvocat<\/td><td class=\"has-text-align-right\" data-align=\"right\">9.00 \u20ac<\/td><\/tr><tr><td>Truita a la francesa<\/td><td class=\"has-text-align-right\" data-align=\"right\">10.00 \u20ac<\/td><\/tr><tr><td>Bagel amb tomaca i mozzarella<\/td><td class=\"has-text-align-right\" data-align=\"right\">9.00 \u20ac<\/td><\/tr><tr><td>Torrades franceses<\/td><td class=\"has-text-align-right\" data-align=\"right\">7.00 \u20ac<\/td><\/tr><tr><td>Iogurt amb granola, fruites i mel<\/td><td class=\"has-text-align-right\" data-align=\"right\">9.00 \u20ac<\/td><\/tr><\/tbody><\/table><\/figure>\n\n\n\n<p><strong>Alguns dels nostres plats poden contindre al\u00b7l\u00e8rgens.<\/strong> Comunica qualsevol al\u00b7l\u00e8rgia o intoler\u00e0ncia al nostre personal.<\/p>\n","protected":false},"excerpt":{"rendered":"<p>Men\u00fa Brunch Croissants, melmelada, mantega, amanida de fruita, caputxino o caf\u00e8 i suc natural 10.00 \u20ac Civada amb fruites de temporada i mel, suc natural, infusi\u00f3 o caf\u00e8 11.00 \u20ac Taula degustaci\u00f3 d\u2019hummus de temporada, crudit\u00e9s, pa casol\u00e0 torrat, grissinis, olives, adobats i fruita (per a 2 persones) 18.50 \u20ac Bol de fruita de temporada, iogurt, granola casolana, torrada amb alvocat, tomacets cherry i coriandre, suc natural, te o caf\u00e8 13.00 \u20ac Pa casol\u00e0, mantega, ous, xampinyons, alvocat, crema de pebre rostit, suc natural, infusi\u00f3 o caf\u00e8 13.00 \u20ac Pa casol\u00e0, mantega, embotit, formatge i ou bullit 12.00 \u20ac Ous Benedict Royal de tonyina o Florentins, amanida de fruita, suc natural, infusi\u00f3 o caf\u00e8 15.00 \u20ac Brunch a la carta Cistella amb pa casol\u00e0 2.50 \u20ac Ou ecol\u00f2gic bullit 2.50 \u20ac Ous benedictins amb tonyina sostenible 9.00 \u20ac Ous Florentins 9.00 \u20ac Ous Royal 10.00 \u20ac Torrades d\u2019alvocat 9.00 \u20ac Truita a la francesa 10.00 \u20ac Bagel amb tomaca i mozzarella 9.00 \u20ac Torrades franceses 7.00 \u20ac Iogurt amb granola, fruites i mel 9.00 \u20ac Alguns dels nostres plats poden contindre al\u00b7l\u00e8rgens. Comunica qualsevol al\u00b7l\u00e8rgia o intoler\u00e0ncia al nostre personal.<\/p>\n","protected":false},"author":2,"featured_media":3916,"parent":0,"menu_order":0,"comment_status":"closed","ping_status":"closed","template":"template-vinos.php","meta":{"inline_featured_image":false,"footnotes":""},"class_list":["post-3915","page","type-page","status-publish","has-post-thumbnail","hentry"],"jetpack_sharing_enabled":true,"_links":{"self":[{"href":"https:\/\/lartesa.es\/ca\/wp-json\/wp\/v2\/pages\/3915","targetHints":{"allow":["GET"]}}],"collection":[{"href":"https:\/\/lartesa.es\/ca\/wp-json\/wp\/v2\/pages"}],"about":[{"href":"https:\/\/lartesa.es\/ca\/wp-json\/wp\/v2\/types\/page"}],"author":[{"embeddable":true,"href":"https:\/\/lartesa.es\/ca\/wp-json\/wp\/v2\/users\/2"}],"replies":[{"embeddable":true,"href":"https:\/\/lartesa.es\/ca\/wp-json\/wp\/v2\/comments?post=3915"}],"version-history":[{"count":2,"href":"https:\/\/lartesa.es\/ca\/wp-json\/wp\/v2\/pages\/3915\/revisions"}],"predecessor-version":[{"id":3928,"href":"https:\/\/lartesa.es\/ca\/wp-json\/wp\/v2\/pages\/3915\/revisions\/3928"}],"wp:featuredmedia":[{"embeddable":true,"href":"https:\/\/lartesa.es\/ca\/wp-json\/wp\/v2\/media\/3916"}],"wp:attachment":[{"href":"https:\/\/lartesa.es\/ca\/wp-json\/wp\/v2\/media?parent=3915"}],"curies":[{"name":"wp","href":"https:\/\/api.w.org\/{rel}","templated":true}]}}