{"id":4232,"date":"2025-09-30T22:44:39","date_gmt":"2025-09-30T21:44:39","guid":{"rendered":"https:\/\/lartesa.es\/?page_id=4232"},"modified":"2025-10-20T16:04:30","modified_gmt":"2025-10-20T15:04:30","slug":"menu-del-dia","status":"publish","type":"page","link":"https:\/\/lartesa.es\/ca\/menu-del-dia\/","title":{"rendered":"Men\u00fa del dia"},"content":{"rendered":"<p>[cl_row][cl_column][cl_text]<\/p>\n<h2 class=\"wp-block-heading\">Men\u00fa esmorzar<\/h2>\n<figure class=\"wp-block-table is-style-stripes\">\n<table class=\"has-fixed-layout\">\n<tbody>\n<tr>\n<td>\n<p><b><u>ESMORZAR L\u2019ARTES\u00c0 7.00 \u20ac<\/u><\/b><\/p>\n<p>Torrada amb tomaca + suc + caf\u00e9<\/p>\n<p><b><u>A LA CARTA :<\/u><\/b><\/p>\n<p>Torrada amb tomaca \u2013 2,80 \u20ac<\/p>\n<p>Torrada amb pernil serr\u00e0 \u2013 4,50 \u20ac<\/p>\n<p>Torrada amb formatge crem\u00f3s i alvocat \u2013 4,50 \u20ac<\/p>\n<p>Croissant \u2013 3,00&nbsp;<\/p>\n<p><span style=\"letter-spacing: 0px\"><b>MEN\u00da DE MIGDI<\/b><u><b>A&nbsp;<\/b><\/u><\/span><span style=\"letter-spacing: 0px\"><u><b>L\u2019ARTES\u00c0&nbsp;<\/b><\/u><\/span><b style=\"letter-spacing: 0px\"><u>10.00 \u20ac<\/u><\/b><\/p>\n<p>Amanida de temporada + Entrep\u00e0 a triar* + Caf\u00e9 + Beguda<\/p>\n<p><b>Entrep\u00e0 del dia <\/b>(<span style=\"letter-spacing: 0px\">a triar per al men\u00fa de midgia)<\/span><\/p>\n<p>Truita del dia \u2013 5,00 \u20ac<\/p>\n<p>Vedella, ceba i formatge \u2013 6,00 \u20ac<\/p>\n<p>Calamar a la planxa amb salsa picada \u2013 6,00 \u20ac<\/p>\n<p>Tomaca, tonyina i anxova \u2013 5,00 \u20ac<\/p>\n<p><b>MEN\u00da DIARI L\u2019ARTES\u00c0 15 &#8211; 20.00 \u20ac<\/b><\/p>\n<p>Primer plat + Plat principal + Postres<\/p>\n<p><span style=\"font-family: BenchNine;font-size: 1.8rem;letter-spacing: 1px\"><br \/><\/span><\/p>\n<p><span style=\"font-family: BenchNine;font-size: 1.8rem;letter-spacing: 1px\">Caf\u00e9s, tes i begudes<\/span><\/p>\n<\/td>\n<td class=\"has-text-align-right\" data-align=\"right\"><\/td>\n<\/tr>\n<\/tbody>\n<\/table>\n<\/figure>\n<figure class=\"wp-block-table is-style-stripes\">\n<table class=\"has-fixed-layout\">\n<tbody>\n<tr>\n<td>Expr\u00e9s<\/td>\n<td class=\"has-text-align-right\" data-align=\"right\">1.80 \u20ac<\/td>\n<\/tr>\n<tr>\n<td>Tallat<\/td>\n<td class=\"has-text-align-right\" data-align=\"right\">2.00 \u20ac<\/td>\n<\/tr>\n<tr>\n<td>Caf\u00e8 amb llet<\/td>\n<td class=\"has-text-align-right\" data-align=\"right\">2.20 \u20ac<\/td>\n<\/tr>\n<tr>\n<td>Carajillo<\/td>\n<td class=\"has-text-align-right\" data-align=\"right\">2.80 \u20ac<\/td>\n<\/tr>\n<tr>\n<td>Capuccino<\/td>\n<td class=\"has-text-align-right\" data-align=\"right\">2.20 \u20ac<\/td>\n<\/tr>\n<tr>\n<td>Cremaet L\u2019Artes\u00e0<\/td>\n<td class=\"has-text-align-right\" data-align=\"right\">3.00 \u20ac<\/td>\n<\/tr>\n<tr>\n<td>Selecci\u00f3 de tes i rooibos<\/td>\n<td class=\"has-text-align-right\" data-align=\"right\">2.50 \u20ac<\/td>\n<\/tr>\n<tr>\n<td>Selecci\u00f3 d\u2019infusions<\/td>\n<td class=\"has-text-align-right\" data-align=\"right\">3.00 \u20ac<\/td>\n<\/tr>\n<tr>\n<td>Vi de la casa<\/td>\n<td class=\"has-text-align-right\" data-align=\"right\">3.00 \u20ac<\/td>\n<\/tr>\n<tr>\n<td>Cervesa 25&nbsp;cl<\/td>\n<td class=\"has-text-align-right\" data-align=\"right\">2.00 \u20ac<\/td>\n<\/tr>\n<tr>\n<td>Cervesa 33&nbsp;cl<\/td>\n<td class=\"has-text-align-right\" data-align=\"right\">2.50 \u20ac<\/td>\n<\/tr>\n<tr>\n<td>Cervesa 50&nbsp;cl<\/td>\n<td class=\"has-text-align-right\" data-align=\"right\">3.50 \u20ac<\/td>\n<\/tr>\n<tr>\n<td>Tercio<\/td>\n<td class=\"has-text-align-right\" data-align=\"right\">2.40 \u20ac<\/td>\n<\/tr>\n<tr>\n<td>Suc natural<\/td>\n<td class=\"has-text-align-right\" data-align=\"right\">3.00 \u20ac<\/td>\n<\/tr>\n<\/tbody>\n<\/table>\n<\/figure>\n<h2 class=\"wp-block-heading\">Extres<\/h2>\n<figure class=\"wp-block-table is-style-stripes\">\n<table class=\"has-fixed-layout\">\n<tbody>\n<tr>\n<td>Cistella de pa<\/td>\n<td class=\"has-text-align-right\" data-align=\"right\">3.00 \u20ac<\/td>\n<\/tr>\n<tr>\n<td>Olives<\/td>\n<td class=\"has-text-align-right\" data-align=\"right\">2.50 \u20ac<\/td>\n<\/tr>\n<tr>\n<td>Mantega<\/td>\n<td class=\"has-text-align-right\" data-align=\"right\">1.50 \u20ac<\/td>\n<\/tr>\n<\/tbody>\n<\/table>\n<\/figure>\n<h2 class=\"wp-block-heading\">Altres opcions<\/h2>\n<figure class=\"wp-block-table is-style-stripes\">\n<table class=\"has-fixed-layout\">\n<tbody>\n<tr>\n<td>Torrada de tomaca i oli d\u2019oliva ecol\u00f2gic<\/td>\n<td class=\"has-text-align-right\" data-align=\"right\">2.80 \u20ac<\/td>\n<\/tr>\n<tr>\n<td>Torrada de tomaca i all<\/td>\n<td class=\"has-text-align-right\" data-align=\"right\">3.00 \u20ac<\/td>\n<\/tr>\n<tr>\n<td>Bocadill del dia<\/td>\n<td class=\"has-text-align-right\" data-align=\"right\">5.50 \u20ac<\/td>\n<\/tr>\n<tr>\n<td>Medialuna<\/td>\n<td class=\"has-text-align-right\" data-align=\"right\">2.50 \u20ac<\/td>\n<\/tr>\n<\/tbody>\n<\/table>\n<\/figure>\n<p><strong>La collita de L\u2019Artes\u00e0 del dia, acabada de recollir dels nostres camps,<\/strong><\/p>\n<p><strong>est\u00e0 plena de sorpreses cada dia; el nostre equip li oferix les sugger\u00e8ncies del moment!<\/strong><\/p>\n<p>Alguns dels nostres plats poden contindre al\u00b7l\u00e8rgens. Notifique qualsevol al\u00b7l\u00e8rgia o intoler\u00e0ncia al nostre personal.<\/p>\n<p>[\/cl_text][\/cl_column][\/cl_row]<\/p>\n","protected":false},"excerpt":{"rendered":"<p>[cl_row][cl_column][cl_text] Men\u00fa esmorzar ESMORZAR L\u2019ARTES\u00c0 7.00 \u20ac Torrada amb tomaca + suc + caf\u00e9 A LA CARTA : Torrada amb tomaca \u2013 2,80 \u20ac Torrada amb pernil serr\u00e0 \u2013 4,50 \u20ac Torrada amb formatge crem\u00f3s i alvocat \u2013 4,50 \u20ac Croissant \u2013 3,00&nbsp; MEN\u00da DE MIGDIA&nbsp;L\u2019ARTES\u00c0&nbsp;10.00 \u20ac Amanida de temporada + Entrep\u00e0 a triar* + Caf\u00e9 + Beguda Entrep\u00e0 del dia (a triar per al men\u00fa de midgia) Truita del dia \u2013 5,00 \u20ac Vedella, ceba i formatge \u2013 6,00 \u20ac Calamar a la planxa amb salsa picada \u2013 6,00 \u20ac Tomaca, tonyina i anxova \u2013 5,00 \u20ac MEN\u00da DIARI L\u2019ARTES\u00c0 15 &#8211; 20.00 \u20ac Primer plat + Plat principal + Postres Caf\u00e9s, tes i begudes Expr\u00e9s 1.80 \u20ac Tallat 2.00 \u20ac Caf\u00e8 amb llet 2.20 \u20ac Carajillo 2.80 \u20ac Capuccino 2.20 \u20ac Cremaet L\u2019Artes\u00e0 3.00 \u20ac Selecci\u00f3 de tes i rooibos 2.50 \u20ac Selecci\u00f3 d\u2019infusions 3.00 \u20ac Vi de la casa 3.00 \u20ac Cervesa 25&nbsp;cl 2.00 \u20ac Cervesa 33&nbsp;cl 2.50 \u20ac Cervesa 50&nbsp;cl 3.50 \u20ac Tercio 2.40 \u20ac Suc natural 3.00 \u20ac Extres Cistella de pa 3.00 \u20ac Olives 2.50 \u20ac Mantega 1.50 \u20ac Altres opcions Torrada de tomaca i oli d\u2019oliva ecol\u00f2gic 2.80 \u20ac Torrada de tomaca i [&hellip;]<\/p>\n","protected":false},"author":2,"featured_media":3892,"parent":0,"menu_order":0,"comment_status":"closed","ping_status":"closed","template":"template-vinos.php","meta":{"inline_featured_image":false,"footnotes":""},"class_list":["post-4232","page","type-page","status-publish","has-post-thumbnail","hentry"],"jetpack_sharing_enabled":true,"_links":{"self":[{"href":"https:\/\/lartesa.es\/ca\/wp-json\/wp\/v2\/pages\/4232","targetHints":{"allow":["GET"]}}],"collection":[{"href":"https:\/\/lartesa.es\/ca\/wp-json\/wp\/v2\/pages"}],"about":[{"href":"https:\/\/lartesa.es\/ca\/wp-json\/wp\/v2\/types\/page"}],"author":[{"embeddable":true,"href":"https:\/\/lartesa.es\/ca\/wp-json\/wp\/v2\/users\/2"}],"replies":[{"embeddable":true,"href":"https:\/\/lartesa.es\/ca\/wp-json\/wp\/v2\/comments?post=4232"}],"version-history":[{"count":5,"href":"https:\/\/lartesa.es\/ca\/wp-json\/wp\/v2\/pages\/4232\/revisions"}],"predecessor-version":[{"id":4342,"href":"https:\/\/lartesa.es\/ca\/wp-json\/wp\/v2\/pages\/4232\/revisions\/4342"}],"wp:featuredmedia":[{"embeddable":true,"href":"https:\/\/lartesa.es\/ca\/wp-json\/wp\/v2\/media\/3892"}],"wp:attachment":[{"href":"https:\/\/lartesa.es\/ca\/wp-json\/wp\/v2\/media?parent=4232"}],"curies":[{"name":"wp","href":"https:\/\/api.w.org\/{rel}","templated":true}]}}