{"id":3389,"date":"2018-04-04T12:41:59","date_gmt":"2018-04-04T11:41:59","guid":{"rendered":"https:\/\/lartesa.es\/wer-wir-sind\/"},"modified":"2025-07-21T17:18:14","modified_gmt":"2025-07-21T16:18:14","slug":"wer-wir-sind","status":"publish","type":"page","link":"https:\/\/lartesa.es\/de\/wer-wir-sind\/","title":{"rendered":"Wer wir sind"},"content":{"rendered":"<p>[cl_row background_image=\u201cid:1565|url:https%253A%252F%252Flartesa.es%252Fwp-content%252Fuploads%252F2025%252F06%252Fbg_quienessomos.webp\u201c css_style=\u201cpadding-bottom:30px|padding-top:30px\u201c parallax=\u201c1\u2033 animation=\u201calpha-anim\u201c animation_speed=\u201c600\u2033 background_position=\u201ccenter center\u201c][cl_column][cl_custom_heading typography=\u201ccustom_font\u201c text_font_size=\u201c65\u2033 text_font_weight=\u201c600\u2033 text_color=\u201c#ffffff\u201c color_icon=\u201c#222222\u2033 css_style=\u201cmargin-top:|padding-top:180px|padding-bottom:100px\u201c text_line_height=\u201c127\u2033]<\/p>\n<p style=\"text-align: center\">WER WIR SIND<\/p>\n<p>\t[\/cl_custom_heading][\/cl_column][\/cl_row][cl_row css_style=\u201cpadding-top:75px|padding-bottom:75px\u201c row_id=\u201chistoria\u201c][cl_column horizontal_align=\u201cmiddle\u201c text_color=\u201clight-text\u201c][cl_custom_heading typography=\u201ch1\u2033 text_font_family=\u201cGreat Vibes\u201c text_font_size=\u201c60\u2033 text_font_weight=\u201c400\u2033 text_line_height=\u201c60\u2033 text_transform=\u201cnone\u201c text_color=\u201c#eae5d6\u2033 color_icon=\u201c#222222\u2033]<\/p>\n<p><font color=\"#91a831\"><span><mark class=\"highlight\">UNSERE<\/mark> GESCHICHTE<\/span><\/font><\/p>\n<p>\t[\/cl_custom_heading][cl_text margin_paragraphs=\u201c0\u2033 custom_typography=\u201c1\u2033 text_font_size=\u201c16\u2033 text_line_height=\u201c24\u2033 text_color=\u201c#3b3b3b\u201c]<\/p>\n<p style=\"margin-top: 0px;margin-bottom: 0px\"><i>Bei L\u2019Artes\u00e0 beginnt alles mit einem einfachen Traum: das Land zu bewirtschaften, seinen Rhythmen zu folgen und seine Fr\u00fcchte zu teilen. Dies ist die Geschichte, wie die Leidenschaft f\u00fcr das Authentische ein Projekt ins Leben rief, das Natur, K\u00fcche und Gemeinschaft miteinander verbindet. <\/i><\/p>\n<p>[\/cl_text][cl_row_inner css_style=\u201cmargin-top:60px\u201c][cl_column_inner width=\u201c1\/2\u2033][cl_media position=\u201ccenter\u201c image=\u201cid:1059|url:https%253A%252F%252Flartesa.es%252Fwp-content%252Fuploads%252F2025%252F05%252FLARTESA-FULL-LOGO.svg\u201c custom_width_bool=\u201c1\u2033 custom_width=\u201c200px\u201c][cl_text custom_typography=\u201c1\u2033 text_font_size=\u201c16\u2033 text_line_height=\u201c30\u2033 text_color=\u201c#3b3b3b\u201c]<\/p>\n<p style=\"text-align: left\">Alles begann mit einem <b>Bauernhof<\/b> \u00a0in L<b>\u2019Atz\u00fabia,<\/b> bewirtschaftet ohne Chemikalien und im Einklang mit den nat\u00fcrlichen Zyklen.<\/p>\n<p style=\"text-align: left\">Mit der Zeit entwickelte sich dieses Projekt weiter und f\u00fchrte zur Er\u00f6ffnung des Restaurants, in dem wir heute Erzeugnisse aus eigenem Anbau und von nachhaltigen lokalen Produzenten in geschmackvolle und <b>sinnstiftende Gerichte verwandeln<\/b>.<\/p>\n<p style=\"text-align: left\"><b>Bei L\u2019Artes\u00e0<\/b> glauben wir, dass jede Zutat ihre eigene Geschichte zu erz\u00e4hlen hat.<\/p>\n<p style=\"text-align: left\">Diese \u00dcberzeugung leitet unsere K\u00fcche, die auf lokalen und saisonalen Produkten basiert.<\/p>\n<p style=\"text-align: left\">Wir arbeiten eng mit kleinen Erzeugern aus der Marina Alta zusammen, vereint durch einen zentralen Wert: den Respekt vor dem Land und den Menschen, die es bewirtschaften.<\/p>\n<p>[\/cl_text][cl_button btn_title=\u201c<\/p>\n<p>RESERVIEREN SIE IHREN TISCH<\/p>\n<p>\u201c overwrite_style=\u201c1\u2033 button_border_color=\u201c#d7ac2c\u201c link=\u201c\/reservas\/\u201c][\/cl_column_inner][cl_column_inner width=\u201c1\/2\u2033][cl_media image=\u201cid:2095|url:https%253A%252F%252Flartesa.es%252Fwp-content%252Fuploads%252F2025%252F06%252Fcampo.webp\u201c][\/cl_column_inner][\/cl_row_inner][\/cl_column][\/cl_row][cl_row custom_width_bool=\u201c1\u2033 custom_width=\u201c1240\u2033 columns_gap=\u201c0\u2033 css_style=\u201cpadding-top:55px|padding-bottom:55px\u201c background_color=\u201c#f7f4ed\u201c background_image=\u201cid:727|mime:image%252Fjpeg|url:https%253A%252F%252Fcodeless.co%252Fpicante%252Forganic%252Fwp-content%252Fuploads%252F2018%252F06%252Fbackground-compressed.jpg\u201c row_id=\u201cequipo\u201c][cl_column horizontal_align=\u201cmiddle\u201c text_color=\u201clight-text\u201c inline_elements=\u201c1\u2033][cl_custom_heading typography=\u201ch1\u2033 text_font_family=\u201cGreat Vibes\u201c text_font_size=\u201c60\u2033 text_font_weight=\u201c400\u2033 text_line_height=\u201c60\u2033 text_transform=\u201cnone\u201c text_color=\u201c#eae5d6\u2033 color_icon=\u201c#222222\u2033]<\/p>\n<p style=\"text-align: center\"><mark class=\"highlight\">LERNEN SIE UNSER<\/mark> \u00a0TEAM KENNEN\u00a0<\/p>\n<p>\t[\/cl_custom_heading][cl_custom_heading]<\/p>\n<p>Hinter L\u2019Artes\u00e0 steht ein Team leidenschaftlicher und weltoffener Fachleute, vereint durch ihre Liebe zur nachhaltigen Gastronomie.<\/p>\n<p>\t[\/cl_custom_heading][cl_button btn_title=\u201c<\/p>\n<p>RESERVIEREN SIE IHREN TISCH<\/p>\n<p>\u201c overwrite_style=\u201c1\u2033 button_border_color=\u201c#d7ac2c\u201c link=\u201c\/reservas\/\u201c][\/cl_column][\/cl_row][cl_row row_type=\u201ccontainer-fluid\u201c columns_gap=\u201c0\u2033 css_style=\u201cpadding-top:0px|padding-bottom:0px\u201c background_color=\u201c#f7f4ed\u201c][cl_column css_style=\u201cpadding-top:0px|padding-bottom:0px\u201c][cl_team team_items_distance=\u201c0\u2033 title_typography=\u201ch4\u2033 grid_layout=\u201c2\u2033][\/cl_column][\/cl_row][cl_row background_color=\u201c#ffffff\u201c css_style=\u201cpadding-top:75px|padding-bottom:75px\u201c row_id=\u201cterrazas\u201c][cl_column horizontal_align=\u201cmiddle\u201c text_color=\u201clight-text\u201c][cl_row_inner css_style=\u201cmargin-top:60px\u201c][cl_column_inner width=\u201c1\/2\u2033][cl_media image=\u201cid:2016|url:https%253A%252F%252Flartesa.es%252Fwp-content%252Fuploads%252F2025%252F06%252Fadsubia_b.webp\u201c][\/cl_column_inner][cl_column_inner width=\u201c1\/2\u2033][cl_media position=\u201ccenter\u201c image=\u201cid:2013|url:https%253A%252F%252Flartesa.es%252Fwp-content%252Fuploads%252F2025%252F06%252Fterrazas_de_adubia_%25402x.webp\u201c image_size=\u201ctheme_default\u201c custom_width_bool=\u201c1\u2033 custom_width=\u201c180px\u201c][cl_text custom_typography=\u201c1\u2033 text_font_size=\u201c16\u2033 text_line_height=\u201c30\u2033 text_color=\u201c#3b3b3b\u201c]<\/p>\n<p style=\"text-align: left\"><b>Terrazas de Adsubia<\/b> ist die von Alexander gegr\u00fcndete Marke, um seinen Traum zu verwirklichen: die Fr\u00fcchte eines mit Respekt, <b>Ethik und Leidenschaft bewirtschafteten Landes mit m\u00f6glichst<\/b> vielen Menschen zu teilen \u2013 und neue Berufungen zu inspirieren.<\/p>\n<p style=\"text-align: left\">\u00dcber das Restaurant hinaus verfolgt dieses Projekt das Ziel, das Bewusstsein f\u00fcr \u00f6kologische Themen zu sch\u00e4rfen und eine verantwortungsvolle <b>Landwirtschaft zu f\u00f6rdern<\/b>. Schon bald wird eine Auswahl an Lebensmitteln erh\u00e4ltlich sein \u2013 ein authentischer Ausdruck unserer Umgebung und unseres Engagements. <\/p>\n<p style=\"text-align: left\">Wir laden alle Interessierten ein, unsere Anbaufl\u00e4chen kennenzulernen, an der Ernte teilzunehmen, den nat\u00fcrlichen Rhythmus jeder Frucht und jedes Gem\u00fcses zu verstehen und eine Vielzahl gemeinsamer Erlebnisse rund um die Erde und das Leben zu genie\u00dfen.<\/p>\n<p style=\"text-align: left\">Das ist unser Versprechen \u2013 und wir hoffen, dass es auch zu Ihrem wird.<\/p>\n<p style=\"text-align: left\">Bleiben Sie dran \u2013 wir freuen uns darauf, Sie bald auf diesem wunderbaren Abenteuer willkommen zu hei\u00dfen.<\/p>\n<p>[\/cl_text][\/cl_column_inner][\/cl_row_inner][\/cl_column][\/cl_row][cl_row][cl_column][cl_row_inner][cl_column_inner width=\u201c1\/3\u2033][cl_media image=\u201cid:1560|url:https%253A%252F%252Flartesa.es%252Fwp-content%252Fuploads%252F2025%252F06%252Fcampo1.webp\u201c][\/cl_column_inner][cl_column_inner width=\u201c1\/3\u2033][cl_media image=\u201cid:1558|url:https%253A%252F%252Flartesa.es%252Fwp-content%252Fuploads%252F2025%252F06%252Fcampo2.webp\u201c][\/cl_column_inner][cl_column_inner width=\u201c1\/3\u2033][cl_media image=\u201cid:1561|url:https%253A%252F%252Flartesa.es%252Fwp-content%252Fuploads%252F2025%252F06%252Fcampo3.webp\u201c][\/cl_column_inner][\/cl_row_inner][\/cl_column][\/cl_row][cl_row css_style=\u201cpadding-top:70px|padding-bottom:70px\u201c custom_width_bool=\u201c1\u2033 custom_width=\u201c850\u2033][cl_column horizontal_align=\u201cmiddle\u201c][cl_custom_heading typography=\u201ch1\u2033 text_font_family=\u201cGreat Vibes\u201c text_font_size=\u201c60\u2033 text_font_weight=\u201c400\u2033 text_line_height=\u201c60\u2033 text_transform=\u201cnone\u201c text_color=\u201c#eae5d6\u2033 color_icon=\u201c#222222\u2033 css_style=\u201cmargin-top:70px\u201c]<\/p>\n<p><mark class=\"highlight\">KONTAKTIERE<\/mark> \u00a0L\u2019ARTES\u00c0<\/p>\n<p>\t[\/cl_custom_heading][cl_custom_heading typography=\u201ch3\u2033 text_font_family=\u201cGreat Vibes\u201c text_font_size=\u201c60\u2033 text_font_weight=\u201c400\u2033 text_line_height=\u201c60\u2033 text_transform=\u201cnone\u201c text_color=\u201c#eae5d6\u2033 color_icon=\u201c#222222\u2033]<\/p>\n<p>Sie k\u00f6nnen uns auch unter \u00a0<span style=\"letter-spacing: 0px\"><a href=\"tel:+34602086191\">+34 602 086 191<\/a><\/span> anrufen.<\/p>\n<p>[\/cl_custom_heading][cl_custom_heading typography=\u201ch3\u2033 text_font_family=\u201cGreat Vibes\u201c text_font_size=\u201c60\u2033 text_font_weight=\u201c400\u2033 text_line_height=\u201c60\u2033 text_transform=\u201cnone\u201c text_color=\u201c#eae5d6\u2033 color_icon=\u201c#222222\u2033]<\/p>\n<p><a href=\"mailto:info@lartesa.es\">info@lartesa.es<\/a><\/p>\n<p>\t[\/cl_custom_heading][cl_contact_form7 id=\u201c3454\u2033 style=\u201cborder\u201c][\/cl_column][\/cl_row][cl_row row_type=\u201ccontainer-fluid\u201c columns_gap=\u201c0\u2033 css_style=\u201cpadding-top:|padding-bottom:\u201c][cl_column css_style=\u201cpadding-top:|padding-bottom:\u201c][cl_map api_key=\u201cAIzaSyDdN5JiSkNSqrCmAAnTHYMdAfL89T7fEA8\u2033 lat_lon=\u201c38.84852796293958, -0.15170314567140386\u2033 style=\u201capple_style\u201c css_style=\u201cmargin-top:\u201c height=\u201c350\u2033][\/cl_column][\/cl_row]<\/p>\n","protected":false},"excerpt":{"rendered":"<p>[cl_row background_image=\u201cid:1565|url:https%253A%252F%252Flartesa.es%252Fwp-content%252Fuploads%252F2025%252F06%252Fbg_quienessomos.webp\u201c css_style=\u201cpadding-bottom:30px|padding-top:30px\u201c parallax=\u201c1\u2033 animation=\u201calpha-anim\u201c animation_speed=\u201c600\u2033 background_position=\u201ccenter center\u201c][cl_column][cl_custom_heading typography=\u201ccustom_font\u201c text_font_size=\u201c65\u2033 text_font_weight=\u201c600\u2033 text_color=\u201c#ffffff\u201c color_icon=\u201c#222222\u2033 css_style=\u201cmargin-top:|padding-top:180px|padding-bottom:100px\u201c text_line_height=\u201c127\u2033] WER WIR SIND [\/cl_custom_heading][\/cl_column][\/cl_row][cl_row css_style=\u201cpadding-top:75px|padding-bottom:75px\u201c row_id=\u201chistoria\u201c][cl_column horizontal_align=\u201cmiddle\u201c text_color=\u201clight-text\u201c][cl_custom_heading typography=\u201ch1\u2033 text_font_family=\u201cGreat Vibes\u201c text_font_size=\u201c60\u2033 text_font_weight=\u201c400\u2033 text_line_height=\u201c60\u2033 text_transform=\u201cnone\u201c text_color=\u201c#eae5d6\u2033 color_icon=\u201c#222222\u2033] UNSERE GESCHICHTE [\/cl_custom_heading][cl_text margin_paragraphs=\u201c0\u2033 custom_typography=\u201c1\u2033 text_font_size=\u201c16\u2033 text_line_height=\u201c24\u2033 text_color=\u201c#3b3b3b\u201c] Bei L\u2019Artes\u00e0 beginnt alles mit einem einfachen Traum: das Land zu bewirtschaften, seinen Rhythmen zu folgen und seine Fr\u00fcchte zu teilen. Dies ist die Geschichte, wie die Leidenschaft f\u00fcr das Authentische ein Projekt ins Leben rief, das Natur, K\u00fcche und Gemeinschaft miteinander verbindet. [\/cl_text][cl_row_inner css_style=\u201cmargin-top:60px\u201c][cl_column_inner width=\u201c1\/2\u2033][cl_media position=\u201ccenter\u201c image=\u201cid:1059|url:https%253A%252F%252Flartesa.es%252Fwp-content%252Fuploads%252F2025%252F05%252FLARTESA-FULL-LOGO.svg\u201c custom_width_bool=\u201c1\u2033 custom_width=\u201c200px\u201c][cl_text custom_typography=\u201c1\u2033 text_font_size=\u201c16\u2033 text_line_height=\u201c30\u2033 text_color=\u201c#3b3b3b\u201c] Alles begann mit einem Bauernhof \u00a0in L\u2019Atz\u00fabia, bewirtschaftet ohne Chemikalien und im Einklang mit den nat\u00fcrlichen Zyklen. Mit der Zeit entwickelte sich dieses Projekt weiter und f\u00fchrte zur Er\u00f6ffnung des Restaurants, in dem wir heute Erzeugnisse aus eigenem Anbau und von nachhaltigen lokalen Produzenten in geschmackvolle und sinnstiftende Gerichte verwandeln. Bei L\u2019Artes\u00e0 glauben wir, dass jede Zutat ihre eigene Geschichte zu erz\u00e4hlen hat. Diese \u00dcberzeugung leitet unsere K\u00fcche, die auf lokalen und saisonalen Produkten basiert. Wir arbeiten eng mit kleinen Erzeugern aus der Marina Alta zusammen, vereint durch einen zentralen Wert: den Respekt vor dem Land und den Menschen, die es bewirtschaften. [\/cl_text][cl_button btn_title=\u201c RESERVIEREN SIE [&hellip;]<\/p>\n","protected":false},"author":2,"featured_media":0,"parent":0,"menu_order":0,"comment_status":"closed","ping_status":"closed","template":"","meta":{"inline_featured_image":false,"footnotes":""},"class_list":["post-3389","page","type-page","status-publish","hentry"],"jetpack_sharing_enabled":true,"_links":{"self":[{"href":"https:\/\/lartesa.es\/de\/wp-json\/wp\/v2\/pages\/3389","targetHints":{"allow":["GET"]}}],"collection":[{"href":"https:\/\/lartesa.es\/de\/wp-json\/wp\/v2\/pages"}],"about":[{"href":"https:\/\/lartesa.es\/de\/wp-json\/wp\/v2\/types\/page"}],"author":[{"embeddable":true,"href":"https:\/\/lartesa.es\/de\/wp-json\/wp\/v2\/users\/2"}],"replies":[{"embeddable":true,"href":"https:\/\/lartesa.es\/de\/wp-json\/wp\/v2\/comments?post=3389"}],"version-history":[{"count":4,"href":"https:\/\/lartesa.es\/de\/wp-json\/wp\/v2\/pages\/3389\/revisions"}],"predecessor-version":[{"id":3983,"href":"https:\/\/lartesa.es\/de\/wp-json\/wp\/v2\/pages\/3389\/revisions\/3983"}],"wp:attachment":[{"href":"https:\/\/lartesa.es\/de\/wp-json\/wp\/v2\/media?parent=3389"}],"curies":[{"name":"wp","href":"https:\/\/api.w.org\/{rel}","templated":true}]}}