{"id":3395,"date":"2025-06-03T20:08:11","date_gmt":"2025-06-03T19:08:11","guid":{"rendered":"https:\/\/lartesa.es\/espacios\/"},"modified":"2025-07-02T06:58:27","modified_gmt":"2025-07-02T05:58:27","slug":"raeume","status":"publish","type":"page","link":"https:\/\/lartesa.es\/de\/raeume\/","title":{"rendered":"R\u00e4ume"},"content":{"rendered":"<p>[cl_row background_image=\u201cid:2380|url:https%253A%252F%252Flartesa.es%252Fwp-content%252Fuploads%252F2025%252F06%252FESPACIOS_lartesa.webp\u201c css_style=\u201cpadding-bottom:30px|padding-top:30px\u201c parallax=\u201c1\u2033 animation=\u201calpha-anim\u201c animation_speed=\u201c600\u2033 background_position=\u201ccenter center\u201c][cl_column][cl_custom_heading typography=\u201ccustom_font\u201c text_font_size=\u201c65\u2033 text_font_weight=\u201c600\u2033 text_color=\u201c#ffffff\u201c color_icon=\u201c#222222\u2033 css_style=\u201cmargin-top:|padding-top:180px|padding-bottom:100px\u201c text_line_height=\u201c127\u2033]<\/p>\n<p style=\"text-align: center\">UNSERE R\u00e4ume<\/p>\n<p>\t[\/cl_custom_heading][\/cl_column][\/cl_row][cl_row background_color=\u201c#37322c\u201c css_style=\u201cpadding-top:75px|padding-bottom:75px\u201c][cl_column horizontal_align=\u201cmiddle\u201c text_color=\u201clight-text\u201c][cl_custom_heading typography=\u201ch1\u2033 text_font_family=\u201cGreat Vibes\u201c text_font_size=\u201c60\u2033 text_font_weight=\u201c400\u2033 text_line_height=\u201c60\u2033 text_transform=\u201cnone\u201c text_color=\u201c#eae5d6\u2033 color_icon=\u201c#222222\u2033]<\/p>\n<p><mark class=\"highlight\">EIN ORT,<\/mark> \u00a0 DREI R\u00c4UME<\/p>\n<p>\t[\/cl_custom_heading][cl_text margin_paragraphs=\u201c0\u2033 custom_typography=\u201c1\u2033 text_font_size=\u201c16\u2033 text_line_height=\u201c24\u2033 text_color=\u201c#eae5d6\u2033]<\/p>\n<p style=\"margin-top: 0px;margin-bottom: 0px\"><i>En L\u2019Artes\u00e0 hei\u00dfen wir Sie in unseren drei erg\u00e4nzenden R\u00e4umen willkommen \u2013 je nach Stimmung, Wetter oder Wunsch. Sie haben die Wahl!<\/i><\/p>\n<p>[\/cl_text][\/cl_column][\/cl_row][cl_row][cl_column][cl_row_inner][cl_column_inner width=\u201c1\/3\u2033][cl_media image=\u201cid:2378|url:https%253A%252F%252Flartesa.es%252Fwp-content%252Fuploads%252F2025%252F06%252Fterraza_lartesa-1.webp\u201c][cl_custom_heading tag=\u201ch3\u2033 typography=\u201ch3\u2033]<\/p>\n<p><mark class=\"highlight\">DIE TERRASSE MIT OLIVENB\u00c4UMEN<\/mark><\/p>\n<p>\t[\/cl_custom_heading][cl_text]<\/p>\n<p>Im Freien unter Olivenb\u00e4umen \u2013 ideal f\u00fcr einen Brunch oder Aperitif.<\/p>\n<p>[\/cl_text][\/cl_column_inner][cl_column_inner width=\u201c1\/3\u2033][cl_media image=\u201cid:2376|url:https%253A%252F%252Flartesa.es%252Fwp-content%252Fuploads%252F2025%252F06%252Fsala_lartesa_2.webp\u201c][cl_custom_heading tag=\u201ch3\u2033 typography=\u201ch3\u2033]<\/p>\n<p style=\"text-align: left\"><mark class=\"highlight\">BAR SPACE<\/mark><\/p>\n<p>\t[\/cl_custom_heading][cl_text]<\/p>\n<p>Tapas in entspannter Atmosph\u00e4re mit Hockern und Wein.<\/p>\n<p>[\/cl_text][\/cl_column_inner][cl_column_inner width=\u201c1\/3\u2033][cl_media image=\u201cid:2377|url:https%253A%252F%252Flartesa.es%252Fwp-content%252Fuploads%252F2025%252F06%252Fsala_lartesa.webp\u201c][cl_custom_heading tag=\u201ch3\u2033 typography=\u201ch3\u2033]<\/p>\n<p><mark class=\"highlight\">SPEISESAAL<\/mark><\/p>\n<p>\t[\/cl_custom_heading][cl_text]<\/p>\n<p>Ger\u00e4umiger und ruhiger Raum f\u00fcr \u00c0-la-carte-Mahlzeiten oder Abendessen.<\/p>\n<p>[\/cl_text][\/cl_column_inner][\/cl_row_inner][\/cl_column][\/cl_row][cl_row text_color=\u201clight-text\u201c background_image=\u201cid:727|url:https%253A%252F%252Flartesa.es%252Fwp-content%252Fuploads%252F2018%252F06%252Fbackground-compressed.jpg\u201c][cl_column][cl_custom_heading text_font_family=\u201cGreat Vibes\u201c text_font_size=\u201c60\u2033 text_font_weight=\u201c400\u2033 text_line_height=\u201c60\u2033 text_transform=\u201cnone\u201c text_color=\u201c#eae5d6\u2033 color_icon=\u201c#222222\u2033]<\/p>\n<p style=\"text-align: center\"><font color=\"#d7ac2c\">EIN ORT, AN DEM MAN AUCH MIT<\/font> \u00a0DEN AUGEN GENIESSEN KANN.<\/p>\n<p>\t[\/cl_custom_heading][cl_row_inner][cl_column_inner width=\u201c1\/3\u2033][cl_media image=\u201cid:2389|url:https%253A%252F%252Flartesa.es%252Fwp-content%252Fuploads%252F2025%252F06%252Fsala_1_lartesa.webp\u201c][\/cl_column_inner][cl_column_inner width=\u201c1\/3\u2033][cl_media image=\u201cid:2390|url:https%253A%252F%252Flartesa.es%252Fwp-content%252Fuploads%252F2025%252F06%252Fterraza_1_lartesa.webp\u201c][\/cl_column_inner][cl_column_inner width=\u201c1\/3\u2033][cl_media image=\u201cid:2391|url:https%253A%252F%252Flartesa.es%252Fwp-content%252Fuploads%252F2025%252F06%252Fsala_2_lartesa.webp\u201c][\/cl_column_inner][\/cl_row_inner][cl_row_inner][cl_column_inner][cl_custom_heading]<\/p>\n<p style=\"text-align: center\">Jede Ecke von L\u2019Artes\u00e0 erz\u00e4hlt eine Geschichte von Ruhe, Geschmack und Natur. Erleben Sie sie mit allen Sinnen. <\/p>\n<p>\t[\/cl_custom_heading][\/cl_column_inner][\/cl_row_inner][\/cl_column][\/cl_row][cl_row css_style=\u201cpadding-top:70px|padding-bottom:70px\u201c custom_width_bool=\u201c1\u2033 custom_width=\u201c850\u2033][cl_column horizontal_align=\u201cmiddle\u201c][cl_custom_heading typography=\u201ch1\u2033 text_font_family=\u201cGreat Vibes\u201c text_font_size=\u201c60\u2033 text_font_weight=\u201c400\u2033 text_line_height=\u201c60\u2033 text_transform=\u201cnone\u201c text_color=\u201c#eae5d6\u2033 color_icon=\u201c#222222\u2033 css_style=\u201cmargin-top:70px\u201c]<\/p>\n<p><mark class=\"highlight\">KONTAKTIERE<\/mark> \u00a0L\u2019ARTES\u00c0<\/p>\n<p>\t[\/cl_custom_heading][cl_custom_heading typography=\u201ch3\u2033 text_font_family=\u201cGreat Vibes\u201c text_font_size=\u201c60\u2033 text_font_weight=\u201c400\u2033 text_line_height=\u201c60\u2033 text_transform=\u201cnone\u201c text_color=\u201c#eae5d6\u2033 color_icon=\u201c#222222\u2033]<\/p>\n<p>Sie k\u00f6nnen uns auch unter\u202f\u00a0<a href=\"tel:+34602086191\">+34 602 086 191<\/a> anrufen.<\/p>\n<p>\t[\/cl_custom_heading][cl_custom_heading typography=\u201ch3\u2033 text_font_family=\u201cGreat Vibes\u201c text_font_size=\u201c60\u2033 text_font_weight=\u201c400\u2033 text_line_height=\u201c60\u2033 text_transform=\u201cnone\u201c text_color=\u201c#eae5d6\u2033 color_icon=\u201c#222222\u2033]<\/p>\n<p><a href=\"mailto:info@lartesa.es\">info@lartesa.es<\/a><\/p>\n<p>\t[\/cl_custom_heading][cl_contact_form7 id=\u201c3454\u2033 style=\u201cborder\u201c][\/cl_column][\/cl_row][cl_row row_type=\u201ccontainer-fluid\u201c columns_gap=\u201c0\u2033 css_style=\u201cpadding-top:|padding-bottom:\u201c][cl_column css_style=\u201cpadding-top:|padding-bottom:\u201c][cl_map api_key=\u201cAIzaSyDdN5JiSkNSqrCmAAnTHYMdAfL89T7fEA8\u2033 lat_lon=\u201c38.84852796293958, -0.15170314567140386\u2033 style=\u201capple_style\u201c css_style=\u201cmargin-top:\u201c height=\u201c350\u2033][\/cl_column][\/cl_row]<\/p>\n","protected":false},"excerpt":{"rendered":"<p>[cl_row background_image=\u201cid:2380|url:https%253A%252F%252Flartesa.es%252Fwp-content%252Fuploads%252F2025%252F06%252FESPACIOS_lartesa.webp\u201c css_style=\u201cpadding-bottom:30px|padding-top:30px\u201c parallax=\u201c1\u2033 animation=\u201calpha-anim\u201c animation_speed=\u201c600\u2033 background_position=\u201ccenter center\u201c][cl_column][cl_custom_heading typography=\u201ccustom_font\u201c text_font_size=\u201c65\u2033 text_font_weight=\u201c600\u2033 text_color=\u201c#ffffff\u201c color_icon=\u201c#222222\u2033 css_style=\u201cmargin-top:|padding-top:180px|padding-bottom:100px\u201c text_line_height=\u201c127\u2033] UNSERE R\u00e4ume [\/cl_custom_heading][\/cl_column][\/cl_row][cl_row background_color=\u201c#37322c\u201c css_style=\u201cpadding-top:75px|padding-bottom:75px\u201c][cl_column horizontal_align=\u201cmiddle\u201c text_color=\u201clight-text\u201c][cl_custom_heading typography=\u201ch1\u2033 text_font_family=\u201cGreat Vibes\u201c text_font_size=\u201c60\u2033 text_font_weight=\u201c400\u2033 text_line_height=\u201c60\u2033 text_transform=\u201cnone\u201c text_color=\u201c#eae5d6\u2033 color_icon=\u201c#222222\u2033] EIN ORT, \u00a0 DREI R\u00c4UME [\/cl_custom_heading][cl_text margin_paragraphs=\u201c0\u2033 custom_typography=\u201c1\u2033 text_font_size=\u201c16\u2033 text_line_height=\u201c24\u2033 text_color=\u201c#eae5d6\u2033] En L\u2019Artes\u00e0 hei\u00dfen wir Sie in unseren drei erg\u00e4nzenden R\u00e4umen willkommen \u2013 je nach Stimmung, Wetter oder Wunsch. Sie haben die Wahl! [\/cl_text][\/cl_column][\/cl_row][cl_row][cl_column][cl_row_inner][cl_column_inner width=\u201c1\/3\u2033][cl_media image=\u201cid:2378|url:https%253A%252F%252Flartesa.es%252Fwp-content%252Fuploads%252F2025%252F06%252Fterraza_lartesa-1.webp\u201c][cl_custom_heading tag=\u201ch3\u2033 typography=\u201ch3\u2033] DIE TERRASSE MIT OLIVENB\u00c4UMEN [\/cl_custom_heading][cl_text] Im Freien unter Olivenb\u00e4umen \u2013 ideal f\u00fcr einen Brunch oder Aperitif. [\/cl_text][\/cl_column_inner][cl_column_inner width=\u201c1\/3\u2033][cl_media image=\u201cid:2376|url:https%253A%252F%252Flartesa.es%252Fwp-content%252Fuploads%252F2025%252F06%252Fsala_lartesa_2.webp\u201c][cl_custom_heading tag=\u201ch3\u2033 typography=\u201ch3\u2033] BAR SPACE [\/cl_custom_heading][cl_text] Tapas in entspannter Atmosph\u00e4re mit Hockern und Wein. [\/cl_text][\/cl_column_inner][cl_column_inner width=\u201c1\/3\u2033][cl_media image=\u201cid:2377|url:https%253A%252F%252Flartesa.es%252Fwp-content%252Fuploads%252F2025%252F06%252Fsala_lartesa.webp\u201c][cl_custom_heading tag=\u201ch3\u2033 typography=\u201ch3\u2033] SPEISESAAL [\/cl_custom_heading][cl_text] Ger\u00e4umiger und ruhiger Raum f\u00fcr \u00c0-la-carte-Mahlzeiten oder Abendessen. [\/cl_text][\/cl_column_inner][\/cl_row_inner][\/cl_column][\/cl_row][cl_row text_color=\u201clight-text\u201c background_image=\u201cid:727|url:https%253A%252F%252Flartesa.es%252Fwp-content%252Fuploads%252F2018%252F06%252Fbackground-compressed.jpg\u201c][cl_column][cl_custom_heading text_font_family=\u201cGreat Vibes\u201c text_font_size=\u201c60\u2033 text_font_weight=\u201c400\u2033 text_line_height=\u201c60\u2033 text_transform=\u201cnone\u201c text_color=\u201c#eae5d6\u2033 color_icon=\u201c#222222\u2033] EIN ORT, AN DEM MAN AUCH MIT \u00a0DEN AUGEN GENIESSEN KANN. [\/cl_custom_heading][cl_row_inner][cl_column_inner width=\u201c1\/3\u2033][cl_media image=\u201cid:2389|url:https%253A%252F%252Flartesa.es%252Fwp-content%252Fuploads%252F2025%252F06%252Fsala_1_lartesa.webp\u201c][\/cl_column_inner][cl_column_inner width=\u201c1\/3\u2033][cl_media image=\u201cid:2390|url:https%253A%252F%252Flartesa.es%252Fwp-content%252Fuploads%252F2025%252F06%252Fterraza_1_lartesa.webp\u201c][\/cl_column_inner][cl_column_inner width=\u201c1\/3\u2033][cl_media image=\u201cid:2391|url:https%253A%252F%252Flartesa.es%252Fwp-content%252Fuploads%252F2025%252F06%252Fsala_2_lartesa.webp\u201c][\/cl_column_inner][\/cl_row_inner][cl_row_inner][cl_column_inner][cl_custom_heading] Jede Ecke von L\u2019Artes\u00e0 erz\u00e4hlt eine Geschichte von Ruhe, Geschmack und Natur. Erleben Sie sie mit allen Sinnen. [\/cl_custom_heading][\/cl_column_inner][\/cl_row_inner][\/cl_column][\/cl_row][cl_row css_style=\u201cpadding-top:70px|padding-bottom:70px\u201c custom_width_bool=\u201c1\u2033 custom_width=\u201c850\u2033][cl_column horizontal_align=\u201cmiddle\u201c][cl_custom_heading typography=\u201ch1\u2033 text_font_family=\u201cGreat Vibes\u201c text_font_size=\u201c60\u2033 text_font_weight=\u201c400\u2033 text_line_height=\u201c60\u2033 text_transform=\u201cnone\u201c text_color=\u201c#eae5d6\u2033 color_icon=\u201c#222222\u2033 css_style=\u201cmargin-top:70px\u201c] KONTAKTIERE \u00a0L\u2019ARTES\u00c0 [\/cl_custom_heading][cl_custom_heading typography=\u201ch3\u2033 text_font_family=\u201cGreat Vibes\u201c text_font_size=\u201c60\u2033 text_font_weight=\u201c400\u2033 text_line_height=\u201c60\u2033 text_transform=\u201cnone\u201c text_color=\u201c#eae5d6\u2033 color_icon=\u201c#222222\u2033] Sie k\u00f6nnen uns auch unter\u202f\u00a0+34 602 086 191 anrufen. [\/cl_custom_heading][cl_custom_heading [&hellip;]<\/p>\n","protected":false},"author":2,"featured_media":0,"parent":0,"menu_order":0,"comment_status":"closed","ping_status":"closed","template":"","meta":{"inline_featured_image":false,"footnotes":""},"class_list":["post-3395","page","type-page","status-publish","hentry"],"jetpack_sharing_enabled":true,"_links":{"self":[{"href":"https:\/\/lartesa.es\/de\/wp-json\/wp\/v2\/pages\/3395","targetHints":{"allow":["GET"]}}],"collection":[{"href":"https:\/\/lartesa.es\/de\/wp-json\/wp\/v2\/pages"}],"about":[{"href":"https:\/\/lartesa.es\/de\/wp-json\/wp\/v2\/types\/page"}],"author":[{"embeddable":true,"href":"https:\/\/lartesa.es\/de\/wp-json\/wp\/v2\/users\/2"}],"replies":[{"embeddable":true,"href":"https:\/\/lartesa.es\/de\/wp-json\/wp\/v2\/comments?post=3395"}],"version-history":[{"count":3,"href":"https:\/\/lartesa.es\/de\/wp-json\/wp\/v2\/pages\/3395\/revisions"}],"predecessor-version":[{"id":3755,"href":"https:\/\/lartesa.es\/de\/wp-json\/wp\/v2\/pages\/3395\/revisions\/3755"}],"wp:attachment":[{"href":"https:\/\/lartesa.es\/de\/wp-json\/wp\/v2\/media?parent=3395"}],"curies":[{"name":"wp","href":"https:\/\/api.w.org\/{rel}","templated":true}]}}