{"id":3922,"date":"2025-07-15T11:16:35","date_gmt":"2025-07-15T10:16:35","guid":{"rendered":"https:\/\/lartesa.es\/brunch\/"},"modified":"2025-07-16T17:29:00","modified_gmt":"2025-07-16T16:29:00","slug":"brunch","status":"publish","type":"page","link":"https:\/\/lartesa.es\/de\/brunch\/","title":{"rendered":"Brunch"},"content":{"rendered":"\n<h2 class=\"wp-block-heading\">Brunch-Men\u00fc<\/h2>\n\n\n\n<figure class=\"wp-block-table is-style-stripes\"><table class=\"has-fixed-layout\"><tbody><tr><td>Croissants, Marmelade, Butter, Obstsalat, Cappuccino oder Kaffee und frischer Saft<\/td><td class=\"has-text-align-right\" data-align=\"right\">10.00 \u20ac<\/td><\/tr><tr><td>Haferflocken mit saisonalen Fr\u00fcchten und Honig, frischer Saft, Tee oder Kaffee<\/td><td class=\"has-text-align-right\" data-align=\"right\">11.00 \u20ac<\/td><\/tr><tr><td>Degustationsplatte mit saisonalem Hummus, Rohkost, ger\u00f6stetem Hausbrot, Grissini, Oliven, Pickles und Obst (f\u00fcr 2 Personen)<\/td><td class=\"has-text-align-right\" data-align=\"right\">18.50 \u20ac<\/td><\/tr><tr><td>Schale mit saisonalen Fr\u00fcchten, Joghurt, hausgemachtem Granola, Toast mit Avocado, Cherrytomaten und Koriander, frischer Saft, Tee oder Kaffee<\/td><td class=\"has-text-align-right\" data-align=\"right\">13.00 \u20ac<\/td><\/tr><tr><td>Hausbrot, Butter, Eier, Champignons, Avocado, Paprikacreme, frischer Saft, Tee oder Kaffee<\/td><td class=\"has-text-align-right\" data-align=\"right\">13.00 \u20ac<\/td><\/tr><tr><td>Hausbrot, Butter, Aufschnitt, K\u00e4se und gekochtes Ei<\/td><td class=\"has-text-align-right\" data-align=\"right\">12.00 \u20ac<\/td><\/tr><tr><td>Eier Benedict Royal mit Thunfisch oder Florentiner Art, Obstsalat, frischer Saft, Tee oder Kaffee<\/td><td class=\"has-text-align-right\" data-align=\"right\">15.00 \u20ac<\/td><\/tr><\/tbody><\/table><\/figure>\n\n\n\n<h2 class=\"wp-block-heading\">Brunch \u00e0 la Carte<\/h2>\n\n\n\n<figure class=\"wp-block-table is-style-stripes\"><table class=\"has-fixed-layout\"><tbody><tr><td>K\u00f6rbchen mit Hausbrot<\/td><td class=\"has-text-align-right\" data-align=\"right\">2.50 \u20ac<\/td><\/tr><tr><td>Gekochtes Bio-Ei<\/td><td class=\"has-text-align-right\" data-align=\"right\">2.50 \u20ac<\/td><\/tr><tr><td>Eier Benedict mit nachhaltigem Thunfisch<\/td><td class=\"has-text-align-right\" data-align=\"right\">9.00 \u20ac<\/td><\/tr><tr><td>Florentiner Eier<\/td><td class=\"has-text-align-right\" data-align=\"right\">9.00 \u20ac<\/td><\/tr><tr><td>Royal Eier<\/td><td class=\"has-text-align-right\" data-align=\"right\">10.00 \u20ac<\/td><\/tr><tr><td>Avocado-Toast<\/td><td class=\"has-text-align-right\" data-align=\"right\">9.00 \u20ac<\/td><\/tr><tr><td>Franz\u00f6sisches Omelett<\/td><td class=\"has-text-align-right\" data-align=\"right\">10.00 \u20ac<\/td><\/tr><tr><td>Bagel mit Tomate und Mozzarella<\/td><td class=\"has-text-align-right\" data-align=\"right\">9.00 \u20ac<\/td><\/tr><tr><td>Franz\u00f6sischer Toast<\/td><td class=\"has-text-align-right\" data-align=\"right\">7.00 \u20ac<\/td><\/tr><tr><td>Joghurt mit Granola, Fr\u00fcchten und Honig<\/td><td class=\"has-text-align-right\" data-align=\"right\">9.00 \u20ac<\/td><\/tr><\/tbody><\/table><\/figure>\n\n\n\n<p><strong>Einige unserer Gerichte k\u00f6nnen Allergene enthalten.<\/strong> Bitte informieren Sie unser Personal \u00fcber etwaige Allergien oder Unvertr\u00e4glichkeiten.<\/p>\n","protected":false},"excerpt":{"rendered":"<p>Brunch-Men\u00fc Croissants, Marmelade, Butter, Obstsalat, Cappuccino oder Kaffee und frischer Saft 10.00 \u20ac Haferflocken mit saisonalen Fr\u00fcchten und Honig, frischer Saft, Tee oder Kaffee 11.00 \u20ac Degustationsplatte mit saisonalem Hummus, Rohkost, ger\u00f6stetem Hausbrot, Grissini, Oliven, Pickles und Obst (f\u00fcr 2 Personen) 18.50 \u20ac Schale mit saisonalen Fr\u00fcchten, Joghurt, hausgemachtem Granola, Toast mit Avocado, Cherrytomaten und Koriander, frischer Saft, Tee oder Kaffee 13.00 \u20ac Hausbrot, Butter, Eier, Champignons, Avocado, Paprikacreme, frischer Saft, Tee oder Kaffee 13.00 \u20ac Hausbrot, Butter, Aufschnitt, K\u00e4se und gekochtes Ei 12.00 \u20ac Eier Benedict Royal mit Thunfisch oder Florentiner Art, Obstsalat, frischer Saft, Tee oder Kaffee 15.00 \u20ac Brunch \u00e0 la Carte K\u00f6rbchen mit Hausbrot 2.50 \u20ac Gekochtes Bio-Ei 2.50 \u20ac Eier Benedict mit nachhaltigem Thunfisch 9.00 \u20ac Florentiner Eier 9.00 \u20ac Royal Eier 10.00 \u20ac Avocado-Toast 9.00 \u20ac Franz\u00f6sisches Omelett 10.00 \u20ac Bagel mit Tomate und Mozzarella 9.00 \u20ac Franz\u00f6sischer Toast 7.00 \u20ac Joghurt mit Granola, Fr\u00fcchten und Honig 9.00 \u20ac Einige unserer Gerichte k\u00f6nnen Allergene enthalten. Bitte informieren Sie unser Personal \u00fcber etwaige Allergien oder Unvertr\u00e4glichkeiten.<\/p>\n","protected":false},"author":2,"featured_media":3234,"parent":0,"menu_order":0,"comment_status":"closed","ping_status":"closed","template":"template-vinos.php","meta":{"inline_featured_image":false,"footnotes":""},"class_list":["post-3922","page","type-page","status-publish","has-post-thumbnail","hentry"],"jetpack_sharing_enabled":true,"_links":{"self":[{"href":"https:\/\/lartesa.es\/de\/wp-json\/wp\/v2\/pages\/3922","targetHints":{"allow":["GET"]}}],"collection":[{"href":"https:\/\/lartesa.es\/de\/wp-json\/wp\/v2\/pages"}],"about":[{"href":"https:\/\/lartesa.es\/de\/wp-json\/wp\/v2\/types\/page"}],"author":[{"embeddable":true,"href":"https:\/\/lartesa.es\/de\/wp-json\/wp\/v2\/users\/2"}],"replies":[{"embeddable":true,"href":"https:\/\/lartesa.es\/de\/wp-json\/wp\/v2\/comments?post=3922"}],"version-history":[{"count":3,"href":"https:\/\/lartesa.es\/de\/wp-json\/wp\/v2\/pages\/3922\/revisions"}],"predecessor-version":[{"id":3930,"href":"https:\/\/lartesa.es\/de\/wp-json\/wp\/v2\/pages\/3922\/revisions\/3930"}],"wp:featuredmedia":[{"embeddable":true,"href":"https:\/\/lartesa.es\/de\/wp-json\/wp\/v2\/media\/3234"}],"wp:attachment":[{"href":"https:\/\/lartesa.es\/de\/wp-json\/wp\/v2\/media?parent=3922"}],"curies":[{"name":"wp","href":"https:\/\/api.w.org\/{rel}","templated":true}]}}