{"id":4235,"date":"2025-09-30T22:44:39","date_gmt":"2025-09-30T21:44:39","guid":{"rendered":"https:\/\/lartesa.es\/?page_id=4235"},"modified":"2025-10-26T13:59:39","modified_gmt":"2025-10-26T12:59:39","slug":"menu-del-dia","status":"publish","type":"page","link":"https:\/\/lartesa.es\/de\/menu-del-dia\/","title":{"rendered":"Men\u00fc des Tages"},"content":{"rendered":"<p>[cl_row][cl_column][cl_text]<\/p>\n<h2 class=\"wp-block-heading\">Fr\u00fchst\u00fccksmen\u00fc und MITTAGSMEN\u00dc<\/h2>\n<figure class=\"wp-block-table is-style-stripes\">\n<table class=\"has-fixed-layout\">\n<tbody>\n<tr>\n<td>\n<b><u>FR\u00dcHST\u00dcCKSMEN\u00dc L\u2019ARTES\u00c0 7.00 \u20ac<\/u><\/b><\/p>\n<p>Tomatenbrot + Saft + Kaffee&nbsp;<\/p>\n<p><b>A LA CARTE<\/b><\/p>\n<p>Tomatenbrot \u2013 2,80 \u20ac<\/p>\n<p>Tomatenbrot mit Serrano-Schinken \u2013 4,50 \u20ac<\/p>\n<p>Brot mit Frischk\u00e4se und Avocado \u2013 4,50 \u20ac<\/p>\n<p>Croissant \u2013 3,00 \u20ac<\/p>\n<p><b><u>\u201eALMUERZO\u201c MEN\u00dc L\u2019ARTES\u00c0 10.00 \u20ac<\/u><\/b><\/p>\n<p>Saisonaler Salat + Sandwich nach Wahl* + Kaffee + Getr\u00e4nk&nbsp;<\/p>\n<p><b>*SANDWICH DES TAGES <\/b>(<span style=\"letter-spacing: 0px\">Zur Auswahl f\u00fcr das Almuezo men\u00fc)<\/span><\/p>\n<p>Omelett des Tages \u2013 5,00 \u20ac<\/p>\n<p>Rindfleisch, Zwiebel und K\u00e4se \u2013 6,00 \u20ac<\/p>\n<p>Gegrillte Tintenfische mit Picaeta-Sauce \u2013 6,00 \u20ac<\/p>\n<p>Tomate, Thunfisch und Sardelle \u2013 5,00 \u20ac<\/p>\n<p><b>ESSEN<\/b> :&nbsp;<span style=\"letter-spacing: 0px\"><b>15.00 &#8211; 20.00 \u20ac<\/b><\/span><\/p>\n<p><b>TAGSMEN\u00dc L\u2019ARTES\u00c0<\/b><\/p>\n<p>Vorspeise + Hauptgericht + Dessert\n<\/p>\n<\/td>\n<td class=\"has-text-align-right\" data-align=\"right\"><\/td>\n<\/tr>\n<tr>\n<td><\/td>\n<td class=\"has-text-align-right\" data-align=\"right\">Inklusive<\/td>\n<\/tr>\n<\/tbody>\n<\/table>\n<\/figure>\n<h2 class=\"wp-block-heading\">Kaffee, Tee &amp; Getr\u00e4nke<\/h2>\n<figure class=\"wp-block-table is-style-stripes\">\n<table class=\"has-fixed-layout\">\n<tbody>\n<tr>\n<td>Espresso<\/td>\n<td class=\"has-text-align-right\" data-align=\"right\">1.80 \u20ac<\/td>\n<\/tr>\n<tr>\n<td>Cortado<\/td>\n<td class=\"has-text-align-right\" data-align=\"right\">2.00 \u20ac<\/td>\n<\/tr>\n<tr>\n<td>Kaffee mit Milch<\/td>\n<td class=\"has-text-align-right\" data-align=\"right\">2.20 \u20ac<\/td>\n<\/tr>\n<tr>\n<td>Carajillo<\/td>\n<td class=\"has-text-align-right\" data-align=\"right\">2.80 \u20ac<\/td>\n<\/tr>\n<tr>\n<td>Cappuccino<\/td>\n<td class=\"has-text-align-right\" data-align=\"right\">2.20 \u20ac<\/td>\n<\/tr>\n<tr>\n<td>Cremaet L\u2019Artes\u00e0<\/td>\n<td class=\"has-text-align-right\" data-align=\"right\">3.00 \u20ac<\/td>\n<\/tr>\n<tr>\n<td>Auswahl an Tees und Rooibos<\/td>\n<td class=\"has-text-align-right\" data-align=\"right\">2.50 \u20ac<\/td>\n<\/tr>\n<tr>\n<td>Auswahl an Kr\u00e4uterinfusionen<\/td>\n<td class=\"has-text-align-right\" data-align=\"right\">3.00 \u20ac<\/td>\n<\/tr>\n<tr>\n<td>Hauswein<\/td>\n<td class=\"has-text-align-right\" data-align=\"right\">3.00 \u20ac<\/td>\n<\/tr>\n<tr>\n<td>Bier 25&nbsp;cl<\/td>\n<td class=\"has-text-align-right\" data-align=\"right\">2.00 \u20ac<\/td>\n<\/tr>\n<tr>\n<td>Bier 33&nbsp;cl<\/td>\n<td class=\"has-text-align-right\" data-align=\"right\">2.50 \u20ac<\/td>\n<\/tr>\n<tr>\n<td>Bier 50&nbsp;cl<\/td>\n<td class=\"has-text-align-right\" data-align=\"right\">3.50 \u20ac<\/td>\n<\/tr>\n<tr>\n<td>Flasche (33cl)<\/td>\n<td class=\"has-text-align-right\" data-align=\"right\">2.40 \u20ac<\/td>\n<\/tr>\n<tr>\n<td>Frisch gepresster Saft<\/td>\n<td class=\"has-text-align-right\" data-align=\"right\">3.00 \u20ac<\/td>\n<\/tr>\n<\/tbody>\n<\/table>\n<\/figure>\n<h2 class=\"wp-block-heading\">Extras<\/h2>\n<figure class=\"wp-block-table is-style-stripes\">\n<table class=\"has-fixed-layout\">\n<tbody>\n<tr>\n<td>Brotkorb<\/td>\n<td class=\"has-text-align-right\" data-align=\"right\">3.00 \u20ac<\/td>\n<\/tr>\n<tr>\n<td>Oliven<\/td>\n<td class=\"has-text-align-right\" data-align=\"right\">2.50 \u20ac<\/td>\n<\/tr>\n<tr>\n<td>Butter<\/td>\n<td class=\"has-text-align-right\" data-align=\"right\">1.50 \u20ac<\/td>\n<\/tr>\n<\/tbody>\n<\/table>\n<\/figure>\n<h2 class=\"wp-block-heading\">Weitere Optionen<\/h2>\n<figure class=\"wp-block-table is-style-stripes\">\n<table class=\"has-fixed-layout\">\n<tbody>\n<tr>\n<td>Toast mit Tomate und Bio-Oliven\u00f6l<\/td>\n<td class=\"has-text-align-right\" data-align=\"right\">2.80 \u20ac<\/td>\n<\/tr>\n<tr>\n<td>Toast mit Tomate und Knoblauch<\/td>\n<td class=\"has-text-align-right\" data-align=\"right\">3.00 \u20ac<\/td>\n<\/tr>\n<tr>\n<td>Sandwich des Tages<\/td>\n<td class=\"has-text-align-right\" data-align=\"right\">5.50 \u20ac<\/td>\n<\/tr>\n<tr>\n<td>Croissant<\/td>\n<td class=\"has-text-align-right\" data-align=\"right\">2.50 \u20ac<\/td>\n<\/tr>\n<\/tbody>\n<\/table>\n<\/figure>\n<p><strong>Die Ernte des Tages von L\u2019Artes\u00e0, frisch aus unseren Feldern,<\/strong><\/p>\n<p><strong>steckt jeden Tag voller \u00dcberraschungen; unser Team pr\u00e4sentiert Ihnen die Empfehlungen des Tages!<\/strong><\/p>\n<p>Einige unserer Gerichte k\u00f6nnen Allergene enthalten. Bitte informieren Sie unser Personal \u00fcber eventuelle Allergien oder Unvertr\u00e4glichkeiten.<\/p>\n<p>[\/cl_text][\/cl_column][\/cl_row]<\/p>\n","protected":false},"excerpt":{"rendered":"<p>[cl_row][cl_column][cl_text] Fr\u00fchst\u00fccksmen\u00fc und MITTAGSMEN\u00dc FR\u00dcHST\u00dcCKSMEN\u00dc L\u2019ARTES\u00c0 7.00 \u20ac Tomatenbrot + Saft + Kaffee&nbsp; A LA CARTE Tomatenbrot \u2013 2,80 \u20ac Tomatenbrot mit Serrano-Schinken \u2013 4,50 \u20ac Brot mit Frischk\u00e4se und Avocado \u2013 4,50 \u20ac Croissant \u2013 3,00 \u20ac \u201eALMUERZO\u201c MEN\u00dc L\u2019ARTES\u00c0 10.00 \u20ac Saisonaler Salat + Sandwich nach Wahl* + Kaffee + Getr\u00e4nk&nbsp; *SANDWICH DES TAGES (Zur Auswahl f\u00fcr das Almuezo men\u00fc) Omelett des Tages \u2013 5,00 \u20ac Rindfleisch, Zwiebel und K\u00e4se \u2013 6,00 \u20ac Gegrillte Tintenfische mit Picaeta-Sauce \u2013 6,00 \u20ac Tomate, Thunfisch und Sardelle \u2013 5,00 \u20ac ESSEN :&nbsp;15.00 &#8211; 20.00 \u20ac TAGSMEN\u00dc L\u2019ARTES\u00c0 Vorspeise + Hauptgericht + Dessert Inklusive Kaffee, Tee &amp; Getr\u00e4nke Espresso 1.80 \u20ac Cortado 2.00 \u20ac Kaffee mit Milch 2.20 \u20ac Carajillo 2.80 \u20ac Cappuccino 2.20 \u20ac Cremaet L\u2019Artes\u00e0 3.00 \u20ac Auswahl an Tees und Rooibos 2.50 \u20ac Auswahl an Kr\u00e4uterinfusionen 3.00 \u20ac Hauswein 3.00 \u20ac Bier 25&nbsp;cl 2.00 \u20ac Bier 33&nbsp;cl 2.50 \u20ac Bier 50&nbsp;cl 3.50 \u20ac Flasche (33cl) 2.40 \u20ac Frisch gepresster Saft 3.00 \u20ac Extras Brotkorb 3.00 \u20ac Oliven 2.50 \u20ac Butter 1.50 \u20ac Weitere Optionen Toast mit Tomate und Bio-Oliven\u00f6l 2.80 \u20ac Toast mit Tomate und Knoblauch 3.00 \u20ac Sandwich des Tages 5.50 \u20ac Croissant 2.50 \u20ac Die Ernte des [&hellip;]<\/p>\n","protected":false},"author":2,"featured_media":3228,"parent":0,"menu_order":0,"comment_status":"closed","ping_status":"closed","template":"template-vinos.php","meta":{"inline_featured_image":false,"footnotes":""},"class_list":["post-4235","page","type-page","status-publish","has-post-thumbnail","hentry"],"jetpack_sharing_enabled":true,"_links":{"self":[{"href":"https:\/\/lartesa.es\/de\/wp-json\/wp\/v2\/pages\/4235","targetHints":{"allow":["GET"]}}],"collection":[{"href":"https:\/\/lartesa.es\/de\/wp-json\/wp\/v2\/pages"}],"about":[{"href":"https:\/\/lartesa.es\/de\/wp-json\/wp\/v2\/types\/page"}],"author":[{"embeddable":true,"href":"https:\/\/lartesa.es\/de\/wp-json\/wp\/v2\/users\/2"}],"replies":[{"embeddable":true,"href":"https:\/\/lartesa.es\/de\/wp-json\/wp\/v2\/comments?post=4235"}],"version-history":[{"count":6,"href":"https:\/\/lartesa.es\/de\/wp-json\/wp\/v2\/pages\/4235\/revisions"}],"predecessor-version":[{"id":4374,"href":"https:\/\/lartesa.es\/de\/wp-json\/wp\/v2\/pages\/4235\/revisions\/4374"}],"wp:featuredmedia":[{"embeddable":true,"href":"https:\/\/lartesa.es\/de\/wp-json\/wp\/v2\/media\/3228"}],"wp:attachment":[{"href":"https:\/\/lartesa.es\/de\/wp-json\/wp\/v2\/media?parent=4235"}],"curies":[{"name":"wp","href":"https:\/\/api.w.org\/{rel}","templated":true}]}}