{"id":3894,"date":"2025-07-15T11:00:12","date_gmt":"2025-07-15T10:00:12","guid":{"rendered":"https:\/\/lartesa.es\/a-la-carte-menu-2\/"},"modified":"2026-02-24T17:34:44","modified_gmt":"2026-02-24T16:34:44","slug":"a-la-carte-menu-2","status":"publish","type":"page","link":"https:\/\/lartesa.es\/en\/a-la-carte-menu-2\/","title":{"rendered":"\u00c0 la carte menu"},"content":{"rendered":"<p>[cl_row columns_gap=\u201d27\u2033 row_type=\u201dcontainer-fluid\u201d][cl_column][cl_text]<\/p>\n<h2 class=\"wp-block-heading\">Aperitivos & Entrantes\u00a0 \u00a0 \u00a0 \u00a0 \u00a0 \u00a0 \u00a0 \u00a0 \u00a0 \u00a0 \u00a0 \u00a0 \u00a0 \u00a0 \u00a0 \u00a0 \u00a0 \u00a0 \u00a0 \u00a0 \u00a0 \u00a0 \u00a0 \u00a0 \u00a0 \u00a0 \u00a0 \u00a0\u00a0<\/h2>\n<figure class=\"wp-block-table is-style-stripes\">\n<table class=\"has-fixed-layout\" style=\"text-align: center\">\n<tbody>\n<tr>\n<td>\n<div style=\"text-align: left\"><strong style=\"letter-spacing: 0px\">Croquetas de 3 variedades:\u00a0 jam\u00f3n<\/strong><span style=\"letter-spacing: 0px\">, gambas, verduras de temporada (por unidad)\u00a0 \u00a0 \u00a0<i>3.00\u20ac<\/i><\/span><\/div>\n<p style=\"text-align: left\"><span style=\"letter-spacing: 0px\"><i><br \/><\/i><\/span><\/p>\n<p><b><\/b><\/p>\n<div style=\"text-align: left\"><b style=\"font-weight: bold;letter-spacing: 0px\">Olivas\u00a0<\/b><span style=\"font-weight: 400;text-align: center;letter-spacing: 0px\">al fuego con chimichurri suave<\/span><b style=\"font-weight: bold;letter-spacing: 0px\">\u00a0 <\/b><span style=\"letter-spacing: 0px\">\u00a03<\/span><span style=\"font-weight: 400;letter-spacing: 0px\"><i>.50\u20ac<\/i><\/span><b style=\"font-weight: bold;letter-spacing: 0px\">\u00a0 \u00a0 \u00a0 \u00a0 \u00a0 \u00a0 \u00a0\u00a0<\/b><\/div>\n<p><b><\/b><\/p>\n<\/td>\n<td class=\"has-text-align-right\" data-align=\"right\" style=\"text-align: left\"><\/td>\n<\/tr>\n<tr>\n<td>\n<div style=\"text-align: left\"><span style=\"text-align: center;letter-spacing: 0px\"><b>Mini bruschetta<\/b> de brandada de bacalao y c\u00edtricos<\/span><b style=\"letter-spacing: 0px\">\u00a0 \u00a0 <\/b><span style=\"letter-spacing: 0px\">4<\/span><span style=\"letter-spacing: 0px\"><i>.50\u20ac<\/i><\/span><b style=\"letter-spacing: 0px\">\u00a0 \u00a0 \u00a0 \u00a0 \u00a0 \u00a0 \u00a0 \u00a0 \u00a0 \u00a0 \u00a0 \u00a0\u00a0<\/b><\/div>\n<p style=\"text-align: left\"><span style=\"text-align: center;letter-spacing: 0px\"><b>Alcachofa <\/b>confitada, anchoa, crocante de jam\u00f3n\u00a0<\/span><span style=\"letter-spacing: 0px\">\u00a0 5<\/span><span style=\"letter-spacing: 0px\"><i>.50\u20ac<\/i><\/span><\/p>\n<p style=\"text-align: left\">\n<\/td>\n<td class=\"has-text-align-right\" data-align=\"right\" style=\"text-align: left\"><\/td>\n<\/tr>\n<tr>\n<td>\n<div style=\"text-align: left\"><b style=\"letter-spacing: 0px\"><br \/><\/b><\/div>\n<p style=\"text-align: left\"><b style=\"letter-spacing: 0px\">Tataki de at\u00fan <\/b><span style=\"letter-spacing: 0px\">c<\/span><span style=\"letter-spacing: 0px\">on tomates secos y romero, wasabi, bbq japon\u00e9s\u00a0 \u00a0<\/span><span style=\"letter-spacing: 0px\">\u00a0<i>18.00\u20ac<\/i><\/span><\/p>\n<p><strong><\/strong><br \/><strong><\/strong><\/p>\n<div style=\"text-align: left\"><strong style=\"font-weight: bold;letter-spacing: 0px\">Tartar de ternera<\/strong><span style=\"font-weight: 400;letter-spacing: 0px\">\u00a0<\/span>con pimiento asado, crema de ajo negro, yema, focaccia tostada<span style=\"font-weight: 400;letter-spacing: 0px\">\u00a0\u00a0 \u00a0 \u00a0<i>18.00\u20ac<\/i><\/span><\/div>\n<p><strong><\/strong><br \/><strong><\/strong><\/p>\n<\/td>\n<td class=\"has-text-align-right\" data-align=\"right\" style=\"text-align: left\">\n<\/td>\n<\/tr>\n<tr>\n<td>\n<div style=\"text-align: left\"><span style=\"text-align: center;letter-spacing: 0px\"><b>Ensalada de tomate<\/b>, olivas, pimientos verdes encurtidos, cebolla morada<\/span><span style=\"letter-spacing: 0px\">\u00a0 \u00a0 \u00a09<i>.00\u20ac<\/i><\/span><\/div>\n<p><b style=\"letter-spacing: 0px\"><br \/><\/b><\/p>\n<p style=\"text-align: left\"><b style=\"letter-spacing: 0px\">Patatas fritas<\/b><span style=\"letter-spacing: 0px\"> con mayonesa brava, salsa cheddar, crujiente de bacon\u00a0<\/span><span style=\"letter-spacing: 0px\">y\u00a0<\/span><span style=\"letter-spacing: 0px\">jalape\u00f1os<b>\u00a0 \u00a0 \u00a0\u00a0<\/b><\/span><span style=\"letter-spacing: 0px;text-align: left\">10<\/span><span style=\"letter-spacing: 0px;text-align: left\"><i>.50\u20ac<\/i><\/span><\/p>\n<p><b><\/b><\/p>\n<\/td>\n<td class=\"has-text-align-right\" data-align=\"right\"><\/td>\n<\/tr>\n<\/tbody>\n<\/table>\n<\/figure>\n<p><\/p>\n<h2 class=\"wp-block-heading\">Platos principales<\/h2>\n<figure class=\"wp-block-table is-style-stripes\">\n<table class=\"has-fixed-layout\">\n<tbody>\n<tr>\n<td><b>Risotto<\/b>\u00a0cremoso de temporada (Vegano)\u00a0 \u00a0 \u00a0 16.00\u20ac<\/p>\n<\/td>\n<td class=\"has-text-align-right\" data-align=\"right\"><\/td>\n<\/tr>\n<tr>\n<td>\n<b>Pasta del chef <\/b>con rag\u00fa mech\u00e1 y verduras de temporada 17.00\u20ac<\/p>\n<\/p>\n<\/td>\n<td class=\"has-text-align-right\" data-align=\"right\"><\/td>\n<\/tr>\n<tr>\n<td>\n<b style=\"letter-spacing: 0px\">Lubina,<\/b><span style=\"letter-spacing: 0px\"> con pur\u00e9 estacional y verduras salteadas, emulsi\u00f3n de c\u00edtricos con hierbas arom\u00e1ticas\u00a0 \u00a0 \u00a0 24.00\u20ac<\/span><\/p>\n<\/p>\n<\/td>\n<td class=\"has-text-align-right\" data-align=\"right\"><\/td>\n<\/tr>\n<tr>\n<td>\n<span style=\"letter-spacing: 0px\"><b>Carrillera<\/b> ib\u00e9rica guisada al vino tinto, pur\u00e9 de temporada<\/span><i style=\"letter-spacing: 0px\">\u00a0 \u00a0 20.50\u20ac<\/i><\/p>\n<p><i style=\"letter-spacing: 0px\"><br \/><\/i><\/p>\n<p><b>Solomillo,\u00a0<\/b>verduras de temporada confitadas y gratin<\/p>\n<p>dauphinois\u00a0 \u00a0 \u00a0 28.00\u20ac\n<\/p>\n<\/td>\n<td class=\"has-text-align-right\" data-align=\"right\">\n<\/td>\n<\/tr>\n<\/tbody>\n<\/table>\n<\/figure>\n<h2 class=\"wp-block-heading\">Desserts<\/h2>\n<figure class=\"wp-block-table is-style-stripes\">\n<table class=\"has-fixed-layout\">\n<tbody>\n<tr>\n<td><b>Tarta tartin <\/b>estacional con nata semimontada al Baileys\u00a0 \u00a07<i>.50\u20ac<\/i><\/td>\n<td class=\"has-text-align-right\" data-align=\"right\"><\/td>\n<\/tr>\n<tr>\n<td><b>Milhojas<\/b>\u00a0de Lemon Pie\u00a0 \u00a0 6<i>.50\u20ac<\/i><\/td>\n<td class=\"has-text-align-right\" data-align=\"right\"><\/td>\n<\/tr>\n<tr>\n<td>\n<b style=\"letter-spacing: 0px\">Crepes <\/b><span style=\"letter-spacing: 0px\">con dulce de leche flambeados al ron<\/span><span style=\"letter-spacing: 0px\">\u00a0 \u00a0 \u00a07<\/span><i style=\"letter-spacing: 0px\">.00\u20ac<\/i><\/p>\n<p><b>Peras <\/b>al vino tinto con mousse de mascarpone y vanilla\u00a0\u00a0<i>10.50\u20ac<\/i><\/p>\n<\/td>\n<td class=\"has-text-align-right\" data-align=\"right\"><\/td>\n<\/tr>\n<\/tbody>\n<\/table>\n<\/figure>\n<p><em><strong>La cosecha de L\u2019Artes\u00e0 del d\u00eda, reci\u00e9n recogida de nuestros campos,<\/strong><\/em><\/p>\n<p><em>est\u00e1 llena de sorpresas cada d\u00eda; \u00a1Nuestro equipo le ofrece las sugerencias del momento!<\/em><\/p>\n<p><strong>Algunos de nuestros platos pueden contener al\u00e9rgenos.<\/strong>\u00a0Notifique cualquier alergia o intolerancia a nuestro personal.<\/p>\n<p>[\/cl_text][\/cl_column][\/cl_row]<\/p>\n","protected":false},"excerpt":{"rendered":"<p>[cl_row columns_gap=\u201d27\u2033 row_type=\u201dcontainer-fluid\u201d][cl_column][cl_text] Aperitivos &#038; Entrantes\u00a0 \u00a0 \u00a0 \u00a0 \u00a0 \u00a0 \u00a0 \u00a0 \u00a0 \u00a0 \u00a0 \u00a0 \u00a0 \u00a0 \u00a0 \u00a0 \u00a0 \u00a0 \u00a0 \u00a0 \u00a0 \u00a0 \u00a0 \u00a0 \u00a0 \u00a0 \u00a0 \u00a0\u00a0 Croquetas de 3 variedades:\u00a0 jam\u00f3n, gambas, verduras de temporada (por unidad)\u00a0 \u00a0 \u00a03.00\u20ac Olivas\u00a0al fuego con chimichurri suave\u00a0 \u00a03.50\u20ac\u00a0 \u00a0 \u00a0 \u00a0 \u00a0 \u00a0 \u00a0\u00a0 Mini bruschetta de brandada de bacalao y c\u00edtricos\u00a0 \u00a0 4.50\u20ac\u00a0 \u00a0 \u00a0 \u00a0 \u00a0 \u00a0 \u00a0 \u00a0 \u00a0 \u00a0 \u00a0 \u00a0\u00a0 Alcachofa confitada, anchoa, crocante de jam\u00f3n\u00a0\u00a0 5.50\u20ac Tataki de at\u00fan con tomates secos y romero, wasabi, bbq japon\u00e9s\u00a0 \u00a0\u00a018.00\u20ac Tartar de ternera\u00a0con pimiento asado, crema de ajo negro, yema, focaccia tostada\u00a0\u00a0 \u00a0 \u00a018.00\u20ac Ensalada de tomate, olivas, pimientos verdes encurtidos, cebolla morada\u00a0 \u00a0 \u00a09.00\u20ac Patatas fritas con mayonesa brava, salsa cheddar, crujiente de bacon\u00a0y\u00a0jalape\u00f1os\u00a0 \u00a0 \u00a0\u00a010.50\u20ac Platos principales Risotto\u00a0cremoso de temporada (Vegano)\u00a0 \u00a0 \u00a0 16.00\u20ac Pasta del chef con rag\u00fa mech\u00e1 y verduras de temporada 17.00\u20ac Lubina, con pur\u00e9 estacional y verduras salteadas, emulsi\u00f3n de c\u00edtricos con hierbas arom\u00e1ticas\u00a0 \u00a0 \u00a0 24.00\u20ac Carrillera ib\u00e9rica guisada al vino tinto, pur\u00e9 de temporada\u00a0 \u00a0 20.50\u20ac Solomillo,\u00a0verduras de temporada confitadas y gratin dauphinois\u00a0 \u00a0 \u00a0 28.00\u20ac Desserts Tarta tartin estacional con nata semimontada al [&hellip;]<\/p>\n","protected":false},"author":2,"featured_media":3226,"parent":0,"menu_order":0,"comment_status":"closed","ping_status":"closed","template":"template-vinos.php","meta":{"inline_featured_image":false,"footnotes":""},"class_list":["post-3894","page","type-page","status-publish","has-post-thumbnail","hentry"],"jetpack_sharing_enabled":true,"_links":{"self":[{"href":"https:\/\/lartesa.es\/en\/wp-json\/wp\/v2\/pages\/3894","targetHints":{"allow":["GET"]}}],"collection":[{"href":"https:\/\/lartesa.es\/en\/wp-json\/wp\/v2\/pages"}],"about":[{"href":"https:\/\/lartesa.es\/en\/wp-json\/wp\/v2\/types\/page"}],"author":[{"embeddable":true,"href":"https:\/\/lartesa.es\/en\/wp-json\/wp\/v2\/users\/2"}],"replies":[{"embeddable":true,"href":"https:\/\/lartesa.es\/en\/wp-json\/wp\/v2\/comments?post=3894"}],"version-history":[{"count":40,"href":"https:\/\/lartesa.es\/en\/wp-json\/wp\/v2\/pages\/3894\/revisions"}],"predecessor-version":[{"id":4618,"href":"https:\/\/lartesa.es\/en\/wp-json\/wp\/v2\/pages\/3894\/revisions\/4618"}],"wp:featuredmedia":[{"embeddable":true,"href":"https:\/\/lartesa.es\/en\/wp-json\/wp\/v2\/media\/3226"}],"wp:attachment":[{"href":"https:\/\/lartesa.es\/en\/wp-json\/wp\/v2\/media?parent=3894"}],"curies":[{"name":"wp","href":"https:\/\/api.w.org\/{rel}","templated":true}]}}