{"id":3387,"date":"2018-04-04T12:41:59","date_gmt":"2018-04-04T11:41:59","guid":{"rendered":"https:\/\/lartesa.es\/qui-sommes-nous\/"},"modified":"2025-07-21T17:18:23","modified_gmt":"2025-07-21T16:18:23","slug":"qui-sommes-nous","status":"publish","type":"page","link":"https:\/\/lartesa.es\/fr\/qui-sommes-nous\/","title":{"rendered":"Qui sommes-nous"},"content":{"rendered":"<p>[cl_row background_image=\u00a0\u00bbid:1565|url:https%253A%252F%252Flartesa.es%252Fwp-content%252Fuploads%252F2025%252F06%252Fbg_quienessomos.webp\u00a0\u00bb css_style=\u00a0\u00bbpadding-bottom:30px|padding-top:30px\u00a0\u00bb parallax=\u00a0\u00bb1\u2033 animation=\u00a0\u00bbalpha-anim\u00a0\u00bb animation_speed=\u00a0\u00bb600\u2033 background_position=\u00a0\u00bbcenter center\u00a0\u00bb][cl_column][cl_custom_heading typography=\u00a0\u00bbcustom_font\u00a0\u00bb text_font_size=\u00a0\u00bb65\u2033 text_font_weight=\u00a0\u00bb600\u2033 text_color=\u00a0\u00bb#ffffff\u00a0\u00bb color_icon=\u00a0\u00bb#222222\u2033 css_style=\u00a0\u00bbmargin-top:|padding-top:180px|padding-bottom:100px\u00a0\u00bb text_line_height=\u00a0\u00bb127\u2033]<\/p>\n<p style=\"text-align: center\">QUI SOMMES-NOUS<\/p>\n<p>\t[\/cl_custom_heading][\/cl_column][\/cl_row][cl_row css_style=\u00a0\u00bbpadding-top:75px|padding-bottom:75px\u00a0\u00bb row_id=\u00a0\u00bbhistoria\u00a0\u00bb][cl_column horizontal_align=\u00a0\u00bbmiddle\u00a0\u00bb text_color=\u00a0\u00bblight-text\u00a0\u00bb][cl_custom_heading typography=\u00a0\u00bbh1\u2033 text_font_family=\u00a0\u00bbGreat Vibes\u00a0\u00bb text_font_size=\u00a0\u00bb60\u2033 text_font_weight=\u00a0\u00bb400\u2033 text_line_height=\u00a0\u00bb60\u2033 text_transform=\u00a0\u00bbnone\u00a0\u00bb text_color=\u00a0\u00bb#eae5d6\u2033 color_icon=\u00a0\u00bb#222222\u2033]<\/p>\n<p><font color=\"#91a831\"><span><mark class=\"highlight\">NOTRE<\/mark> HISTOIRE<\/span><\/font><\/p>\n<p>\t[\/cl_custom_heading][cl_text margin_paragraphs=\u00a0\u00bb0\u2033 custom_typography=\u00a0\u00bb1\u2033 text_font_size=\u00a0\u00bb16\u2033 text_line_height=\u00a0\u00bb24\u2033 text_color=\u00a0\u00bb#3b3b3b\u00a0\u00bb]<\/p>\n<p style=\"margin-top: 0px;margin-bottom: 0px\"><i>Chez L\u2019Artes\u00e0, tout commence par un r\u00eave simple : cultiver la terre, respecter ses rythmes et partager ses fruits. Voici l\u2019histoire de la mani\u00e8re dont la passion pour l\u2019authenticit\u00e9 a donn\u00e9 naissance \u00e0 un projet qui relie nature, cuisine et communaut\u00e9. <\/i><\/p>\n<p>[\/cl_text][cl_row_inner css_style=\u00a0\u00bbmargin-top:60px\u00a0\u00bb][cl_column_inner width=\u00a0\u00bb1\/2\u2033][cl_media position=\u00a0\u00bbcenter\u00a0\u00bb image=\u00a0\u00bbid:1059|url:https%253A%252F%252Flartesa.es%252Fwp-content%252Fuploads%252F2025%252F05%252FLARTESA-FULL-LOGO.svg\u00a0\u00bb custom_width_bool=\u00a0\u00bb1\u2033 custom_width=\u00a0\u00bb200px\u00a0\u00bb][cl_text custom_typography=\u00a0\u00bb1\u2033 text_font_size=\u00a0\u00bb16\u2033 text_line_height=\u00a0\u00bb30\u2033 text_color=\u00a0\u00bb#3b3b3b\u00a0\u00bb]<\/p>\n<p style=\"text-align: left\">Tout a commenc\u00e9 par une <b>ferme<\/b> \u00a0\u00e0 <b>L\u2019Atz\u00fabia<\/b>, cultiv\u00e9e sans produits chimiques et dans le respect des cycles naturels.<\/p>\n<p style=\"text-align: left\">Avec le temps, ce projet a donn\u00e9 naissance au restaurant, o\u00f9 nous transformons aujourd\u2019hui les produits de notre propre terre et ceux de producteurs locaux engag\u00e9s dans une d\u00e9marche durable en des <b>plats pleins de go\u00fbt et de sens<\/b>.<\/p>\n<p style=\"text-align: left\">Chez <b>L\u2019Artes\u00e0<\/b>, nous croyons que chaque ingr\u00e9dient a une histoire \u00e0 raconter.<\/p>\n<p style=\"text-align: left\">Cette conviction guide notre cuisine, enracin\u00e9e dans les produits locaux et de saison.<\/p>\n<p style=\"text-align: left\">Nous travaillons en \u00e9troite collaboration avec de petits producteurs de la Marina Alta, unis par une valeur essentielle : le respect de la terre et des personnes qui la cultivent.<\/p>\n<p>[\/cl_text][cl_button btn_title=\u00a0\u00bb<\/p>\n<p>R\u00c9SERVEZ VOTRE TABLE<\/p>\n<p>\u00a0\u00bb overwrite_style=\u00a0\u00bb1\u2033 button_border_color=\u00a0\u00bb#d7ac2c\u00a0\u00bb link=\u00a0\u00bb\/reservas\/\u00a0\u00bb][\/cl_column_inner][cl_column_inner width=\u00a0\u00bb1\/2\u2033][cl_media image=\u00a0\u00bbid:2095|url:https%253A%252F%252Flartesa.es%252Fwp-content%252Fuploads%252F2025%252F06%252Fcampo.webp\u00a0\u00bb][\/cl_column_inner][\/cl_row_inner][\/cl_column][\/cl_row][cl_row custom_width_bool=\u00a0\u00bb1\u2033 custom_width=\u00a0\u00bb1240\u2033 columns_gap=\u00a0\u00bb0\u2033 css_style=\u00a0\u00bbpadding-top:55px|padding-bottom:55px\u00a0\u00bb background_color=\u00a0\u00bb#f7f4ed\u00a0\u00bb background_image=\u00a0\u00bbid:727|mime:image%252Fjpeg|url:https%253A%252F%252Fcodeless.co%252Fpicante%252Forganic%252Fwp-content%252Fuploads%252F2018%252F06%252Fbackground-compressed.jpg\u00a0\u00bb row_id=\u00a0\u00bbequipo\u00a0\u00bb][cl_column horizontal_align=\u00a0\u00bbmiddle\u00a0\u00bb text_color=\u00a0\u00bblight-text\u00a0\u00bb inline_elements=\u00a0\u00bb1\u2033][cl_custom_heading typography=\u00a0\u00bbh1\u2033 text_font_family=\u00a0\u00bbGreat Vibes\u00a0\u00bb text_font_size=\u00a0\u00bb60\u2033 text_font_weight=\u00a0\u00bb400\u2033 text_line_height=\u00a0\u00bb60\u2033 text_transform=\u00a0\u00bbnone\u00a0\u00bb text_color=\u00a0\u00bb#eae5d6\u2033 color_icon=\u00a0\u00bb#222222\u2033]<\/p>\n<p style=\"text-align: center\"><mark class=\"highlight\">D\u00c9COUVREZ NOTRE<\/mark> \u00a0\u00c9QUIPE\u00a0<\/p>\n<p>\t[\/cl_custom_heading][cl_custom_heading]<\/p>\n<p>Derri\u00e8re L\u2019Artes\u00e0 se trouve une \u00e9quipe de professionnels passionn\u00e9s et cosmopolites, unis par l\u2019amour de la gastronomie durable.<\/p>\n<p>\t[\/cl_custom_heading][cl_button btn_title=\u00a0\u00bb<\/p>\n<p>R\u00c9SERVEZ VOTRE TABLE<\/p>\n<p>\u00a0\u00bb overwrite_style=\u00a0\u00bb1\u2033 button_border_color=\u00a0\u00bb#d7ac2c\u00a0\u00bb link=\u00a0\u00bb\/reservas\/\u00a0\u00bb][\/cl_column][\/cl_row][cl_row row_type=\u00a0\u00bbcontainer-fluid\u00a0\u00bb columns_gap=\u00a0\u00bb0\u2033 css_style=\u00a0\u00bbpadding-top:0px|padding-bottom:0px\u00a0\u00bb background_color=\u00a0\u00bb#f7f4ed\u00a0\u00bb][cl_column css_style=\u00a0\u00bbpadding-top:0px|padding-bottom:0px\u00a0\u00bb][cl_team team_items_distance=\u00a0\u00bb0\u2033 title_typography=\u00a0\u00bbh4\u2033 grid_layout=\u00a0\u00bb2\u2033][\/cl_column][\/cl_row][cl_row background_color=\u00a0\u00bb#ffffff\u00a0\u00bb css_style=\u00a0\u00bbpadding-top:75px|padding-bottom:75px\u00a0\u00bb row_id=\u00a0\u00bbterrazas\u00a0\u00bb][cl_column horizontal_align=\u00a0\u00bbmiddle\u00a0\u00bb text_color=\u00a0\u00bblight-text\u00a0\u00bb][cl_row_inner css_style=\u00a0\u00bbmargin-top:60px\u00a0\u00bb][cl_column_inner width=\u00a0\u00bb1\/2\u2033][cl_media image=\u00a0\u00bbid:2016|url:https%253A%252F%252Flartesa.es%252Fwp-content%252Fuploads%252F2025%252F06%252Fadsubia_b.webp\u00a0\u00bb][\/cl_column_inner][cl_column_inner width=\u00a0\u00bb1\/2\u2033][cl_media position=\u00a0\u00bbcenter\u00a0\u00bb image=\u00a0\u00bbid:2013|url:https%253A%252F%252Flartesa.es%252Fwp-content%252Fuploads%252F2025%252F06%252Fterrazas_de_adubia_%25402x.webp\u00a0\u00bb image_size=\u00a0\u00bbtheme_default\u00a0\u00bb custom_width_bool=\u00a0\u00bb1\u2033 custom_width=\u00a0\u00bb180px\u00a0\u00bb][cl_text custom_typography=\u00a0\u00bb1\u2033 text_font_size=\u00a0\u00bb16\u2033 text_line_height=\u00a0\u00bb30\u2033 text_color=\u00a0\u00bb#3b3b3b\u00a0\u00bb]<\/p>\n<p style=\"text-align: left\"><b>Terrazas de Adsubia<\/b> est la marque fond\u00e9e par Alexander pour r\u00e9aliser son r\u00eave : partager avec le plus grand nombre les <b>fruits d\u2019une terre cultiv\u00e9e avec respect, \u00e9thique et passion<\/b>, et inspirer de nouvelles vocations.<\/p>\n<p style=\"text-align: left\">Au-del\u00e0 du restaurant, ce projet vise \u00e0 sensibiliser \u00e0 l\u2019\u00e9cologie et \u00e0 promouvoir une <b>agriculture responsable<\/b>. Une gamme de produits alimentaires issus de notre terre, fid\u00e8les \u00e0 notre environnement et \u00e0 notre engagement, sera bient\u00f4t disponible. <\/p>\n<p style=\"text-align: left\">Nous inviterons toutes les personnes int\u00e9ress\u00e9es \u00e0 d\u00e9couvrir nos plantations, \u00e0 participer \u00e0 la r\u00e9colte, \u00e0 comprendre le rythme naturel de chaque fruit et l\u00e9gume, et \u00e0 profiter d\u2019un large \u00e9ventail d\u2019exp\u00e9riences partag\u00e9es autour de la terre et des \u00eatres vivants.<\/p>\n<p style=\"text-align: left\">C\u2019est notre engagement, et nous esp\u00e9rons qu\u2019il deviendra aussi le v\u00f4tre.<\/p>\n<p style=\"text-align: left\">Restez \u00e0 l\u2019\u00e9coute, nous sommes impatients de vous accueillir dans cette belle aventure.<\/p>\n<p>[\/cl_text][\/cl_column_inner][\/cl_row_inner][\/cl_column][\/cl_row][cl_row][cl_column][cl_row_inner][cl_column_inner width=\u00a0\u00bb1\/3\u2033][cl_media image=\u00a0\u00bbid:1560|url:https%253A%252F%252Flartesa.es%252Fwp-content%252Fuploads%252F2025%252F06%252Fcampo1.webp\u00a0\u00bb][\/cl_column_inner][cl_column_inner width=\u00a0\u00bb1\/3\u2033][cl_media image=\u00a0\u00bbid:1558|url:https%253A%252F%252Flartesa.es%252Fwp-content%252Fuploads%252F2025%252F06%252Fcampo2.webp\u00a0\u00bb][\/cl_column_inner][cl_column_inner width=\u00a0\u00bb1\/3\u2033][cl_media image=\u00a0\u00bbid:1561|url:https%253A%252F%252Flartesa.es%252Fwp-content%252Fuploads%252F2025%252F06%252Fcampo3.webp\u00a0\u00bb][\/cl_column_inner][\/cl_row_inner][\/cl_column][\/cl_row][cl_row css_style=\u00a0\u00bbpadding-top:70px|padding-bottom:70px\u00a0\u00bb custom_width_bool=\u00a0\u00bb1\u2033 custom_width=\u00a0\u00bb850\u2033][cl_column horizontal_align=\u00a0\u00bbmiddle\u00a0\u00bb][cl_custom_heading typography=\u00a0\u00bbh1\u2033 text_font_family=\u00a0\u00bbGreat Vibes\u00a0\u00bb text_font_size=\u00a0\u00bb60\u2033 text_font_weight=\u00a0\u00bb400\u2033 text_line_height=\u00a0\u00bb60\u2033 text_transform=\u00a0\u00bbnone\u00a0\u00bb text_color=\u00a0\u00bb#eae5d6\u2033 color_icon=\u00a0\u00bb#222222\u2033 css_style=\u00a0\u00bbmargin-top:70px\u00a0\u00bb]<\/p>\n<p><mark class=\"highlight\">CONTACTEZ<\/mark> \u00a0L\u2019ARTES\u00c0<\/p>\n<p>\t[\/cl_custom_heading][cl_custom_heading typography=\u00a0\u00bbh3\u2033 text_font_family=\u00a0\u00bbGreat Vibes\u00a0\u00bb text_font_size=\u00a0\u00bb60\u2033 text_font_weight=\u00a0\u00bb400\u2033 text_line_height=\u00a0\u00bb60\u2033 text_transform=\u00a0\u00bbnone\u00a0\u00bb text_color=\u00a0\u00bb#eae5d6\u2033 color_icon=\u00a0\u00bb#222222\u2033]<\/p>\n<p>Vous pouvez \u00e9galement nous appeler au\u202f\u00a0<span style=\"letter-spacing: 0px\"><a href=\"tel:+34602086191\">+34 602 086 191.<\/a><\/span><\/p>\n<p>[\/cl_custom_heading][cl_custom_heading typography=\u00a0\u00bbh3\u2033 text_font_family=\u00a0\u00bbGreat Vibes\u00a0\u00bb text_font_size=\u00a0\u00bb60\u2033 text_font_weight=\u00a0\u00bb400\u2033 text_line_height=\u00a0\u00bb60\u2033 text_transform=\u00a0\u00bbnone\u00a0\u00bb text_color=\u00a0\u00bb#eae5d6\u2033 color_icon=\u00a0\u00bb#222222\u2033]<\/p>\n<p><a href=\"mailto:info@lartesa.es\">info@lartesa.es<\/a><\/p>\n<p>\t[\/cl_custom_heading][cl_contact_form7 id=\u00a0\u00bb3453\u2033 style=\u00a0\u00bbborder\u00a0\u00bb][\/cl_column][\/cl_row][cl_row row_type=\u00a0\u00bbcontainer-fluid\u00a0\u00bb columns_gap=\u00a0\u00bb0\u2033 css_style=\u00a0\u00bbpadding-top:|padding-bottom:\u00a0\u00bb][cl_column css_style=\u00a0\u00bbpadding-top:|padding-bottom:\u00a0\u00bb][cl_map api_key=\u00a0\u00bbAIzaSyDdN5JiSkNSqrCmAAnTHYMdAfL89T7fEA8\u2033 lat_lon=\u00a0\u00bb38.84852796293958, -0.15170314567140386\u2033 style=\u00a0\u00bbapple_style\u00a0\u00bb css_style=\u00a0\u00bbmargin-top:\u00a0\u00bb height=\u00a0\u00bb350\u2033][\/cl_column][\/cl_row]<\/p>\n","protected":false},"excerpt":{"rendered":"<p>[cl_row background_image=\u00a0\u00bbid:1565|url:https%253A%252F%252Flartesa.es%252Fwp-content%252Fuploads%252F2025%252F06%252Fbg_quienessomos.webp\u00a0\u00bb css_style=\u00a0\u00bbpadding-bottom:30px|padding-top:30px\u00a0\u00bb parallax=\u00a0\u00bb1\u2033 animation=\u00a0\u00bbalpha-anim\u00a0\u00bb animation_speed=\u00a0\u00bb600\u2033 background_position=\u00a0\u00bbcenter center\u00a0\u00bb][cl_column][cl_custom_heading typography=\u00a0\u00bbcustom_font\u00a0\u00bb text_font_size=\u00a0\u00bb65\u2033 text_font_weight=\u00a0\u00bb600\u2033 text_color=\u00a0\u00bb#ffffff\u00a0\u00bb color_icon=\u00a0\u00bb#222222\u2033 css_style=\u00a0\u00bbmargin-top:|padding-top:180px|padding-bottom:100px\u00a0\u00bb text_line_height=\u00a0\u00bb127\u2033] QUI SOMMES-NOUS [\/cl_custom_heading][\/cl_column][\/cl_row][cl_row css_style=\u00a0\u00bbpadding-top:75px|padding-bottom:75px\u00a0\u00bb row_id=\u00a0\u00bbhistoria\u00a0\u00bb][cl_column horizontal_align=\u00a0\u00bbmiddle\u00a0\u00bb text_color=\u00a0\u00bblight-text\u00a0\u00bb][cl_custom_heading typography=\u00a0\u00bbh1\u2033 text_font_family=\u00a0\u00bbGreat Vibes\u00a0\u00bb text_font_size=\u00a0\u00bb60\u2033 text_font_weight=\u00a0\u00bb400\u2033 text_line_height=\u00a0\u00bb60\u2033 text_transform=\u00a0\u00bbnone\u00a0\u00bb text_color=\u00a0\u00bb#eae5d6\u2033 color_icon=\u00a0\u00bb#222222\u2033] NOTRE HISTOIRE [\/cl_custom_heading][cl_text margin_paragraphs=\u00a0\u00bb0\u2033 custom_typography=\u00a0\u00bb1\u2033 text_font_size=\u00a0\u00bb16\u2033 text_line_height=\u00a0\u00bb24\u2033 text_color=\u00a0\u00bb#3b3b3b\u00a0\u00bb] Chez L\u2019Artes\u00e0, tout commence par un r\u00eave simple : cultiver la terre, respecter ses rythmes et partager ses fruits. Voici l\u2019histoire de la mani\u00e8re dont la passion pour l\u2019authenticit\u00e9 a donn\u00e9 naissance \u00e0 un projet qui relie nature, cuisine et communaut\u00e9. [\/cl_text][cl_row_inner css_style=\u00a0\u00bbmargin-top:60px\u00a0\u00bb][cl_column_inner width=\u00a0\u00bb1\/2\u2033][cl_media position=\u00a0\u00bbcenter\u00a0\u00bb image=\u00a0\u00bbid:1059|url:https%253A%252F%252Flartesa.es%252Fwp-content%252Fuploads%252F2025%252F05%252FLARTESA-FULL-LOGO.svg\u00a0\u00bb custom_width_bool=\u00a0\u00bb1\u2033 custom_width=\u00a0\u00bb200px\u00a0\u00bb][cl_text custom_typography=\u00a0\u00bb1\u2033 text_font_size=\u00a0\u00bb16\u2033 text_line_height=\u00a0\u00bb30\u2033 text_color=\u00a0\u00bb#3b3b3b\u00a0\u00bb] Tout a commenc\u00e9 par une ferme \u00a0\u00e0 L\u2019Atz\u00fabia, cultiv\u00e9e sans produits chimiques et dans le respect des cycles naturels. Avec le temps, ce projet a donn\u00e9 naissance au restaurant, o\u00f9 nous transformons aujourd\u2019hui les produits de notre propre terre et ceux de producteurs locaux engag\u00e9s dans une d\u00e9marche durable en des plats pleins de go\u00fbt et de sens. Chez L\u2019Artes\u00e0, nous croyons que chaque ingr\u00e9dient a une histoire \u00e0 raconter. Cette conviction guide notre cuisine, enracin\u00e9e dans les produits locaux et de saison. Nous travaillons en \u00e9troite collaboration avec de petits producteurs de la Marina Alta, unis par une valeur essentielle : le respect de la terre et des [&hellip;]<\/p>\n","protected":false},"author":2,"featured_media":0,"parent":0,"menu_order":0,"comment_status":"closed","ping_status":"closed","template":"","meta":{"inline_featured_image":false,"footnotes":""},"class_list":["post-3387","page","type-page","status-publish","hentry"],"jetpack_sharing_enabled":true,"_links":{"self":[{"href":"https:\/\/lartesa.es\/fr\/wp-json\/wp\/v2\/pages\/3387","targetHints":{"allow":["GET"]}}],"collection":[{"href":"https:\/\/lartesa.es\/fr\/wp-json\/wp\/v2\/pages"}],"about":[{"href":"https:\/\/lartesa.es\/fr\/wp-json\/wp\/v2\/types\/page"}],"author":[{"embeddable":true,"href":"https:\/\/lartesa.es\/fr\/wp-json\/wp\/v2\/users\/2"}],"replies":[{"embeddable":true,"href":"https:\/\/lartesa.es\/fr\/wp-json\/wp\/v2\/comments?post=3387"}],"version-history":[{"count":4,"href":"https:\/\/lartesa.es\/fr\/wp-json\/wp\/v2\/pages\/3387\/revisions"}],"predecessor-version":[{"id":3984,"href":"https:\/\/lartesa.es\/fr\/wp-json\/wp\/v2\/pages\/3387\/revisions\/3984"}],"wp:attachment":[{"href":"https:\/\/lartesa.es\/fr\/wp-json\/wp\/v2\/media?parent=3387"}],"curies":[{"name":"wp","href":"https:\/\/api.w.org\/{rel}","templated":true}]}}