{"id":3920,"date":"2025-07-15T11:16:35","date_gmt":"2025-07-15T10:16:35","guid":{"rendered":"https:\/\/lartesa.es\/brunch\/"},"modified":"2025-07-16T17:31:44","modified_gmt":"2025-07-16T16:31:44","slug":"brunch","status":"publish","type":"page","link":"https:\/\/lartesa.es\/fr\/brunch\/","title":{"rendered":"Brunch"},"content":{"rendered":"\n<h2 class=\"wp-block-heading\">Menu Brunch<\/h2>\n\n\n\n<figure class=\"wp-block-table is-style-stripes\"><table class=\"has-fixed-layout\"><tbody><tr><td>Croissants, confiture, beurre, salade de fruits, cappuccino ou caf\u00e9, et jus frais<\/td><td class=\"has-text-align-right\" data-align=\"right\">10.00 \u20ac<\/td><\/tr><tr><td>Flocons d\u2019avoine avec fruits de saison et miel, jus frais, infusion ou caf\u00e9<\/td><td class=\"has-text-align-right\" data-align=\"right\">11.00 \u20ac<\/td><\/tr><tr><td>Planche de d\u00e9gustation de houmous de saison, crudit\u00e9s, pain maison grill\u00e9, gressins, olives, pickles et fruits (pour 2 personnes)<\/td><td class=\"has-text-align-right\" data-align=\"right\">18.50 \u20ac<\/td><\/tr><tr><td>Bol de fruits de saison, yaourt, granola maison, tartine \u00e0 l\u2019avocat, tomates cerises et coriandre, jus frais, th\u00e9 ou caf\u00e9<\/td><td class=\"has-text-align-right\" data-align=\"right\">13.00 \u20ac<\/td><\/tr><tr><td>Pain maison, beurre, \u0153ufs, champignons, avocat, cr\u00e8me de poivron r\u00f4ti, jus frais, infusion ou caf\u00e9<\/td><td class=\"has-text-align-right\" data-align=\"right\">13.00 \u20ac<\/td><\/tr><tr><td>Pain maison, beurre, charcuterie, fromage et \u0153uf dur<\/td><td class=\"has-text-align-right\" data-align=\"right\">12.00 \u20ac<\/td><\/tr><tr><td>\u0152ufs B\u00e9n\u00e9dicte Royal au thon ou Florentine, salade de fruits, jus frais, infusion ou caf\u00e9<\/td><td class=\"has-text-align-right\" data-align=\"right\">15.00 \u20ac<\/td><\/tr><\/tbody><\/table><\/figure>\n\n\n\n<h2 class=\"wp-block-heading\">Brunch \u00e0 la carte<\/h2>\n\n\n\n<figure class=\"wp-block-table is-style-stripes\"><table class=\"has-fixed-layout\"><tbody><tr><td>Panier de pain maison<\/td><td class=\"has-text-align-right\" data-align=\"right\">2.50 \u20ac<\/td><\/tr><tr><td>\u0152uf bio dur<\/td><td class=\"has-text-align-right\" data-align=\"right\">2.50 \u20ac<\/td><\/tr><tr><td>\u0152ufs B\u00e9n\u00e9dicte au thon durable<\/td><td class=\"has-text-align-right\" data-align=\"right\">9.00 \u20ac<\/td><\/tr><tr><td>\u0152ufs Florentine<\/td><td class=\"has-text-align-right\" data-align=\"right\">9.00 \u20ac<\/td><\/tr><tr><td>\u0152ufs Royal<\/td><td class=\"has-text-align-right\" data-align=\"right\">10.00 \u20ac<\/td><\/tr><tr><td>Tartines \u00e0 l\u2019avocat<\/td><td class=\"has-text-align-right\" data-align=\"right\">9.00 \u20ac<\/td><\/tr><tr><td>Omelette fran\u00e7aise<\/td><td class=\"has-text-align-right\" data-align=\"right\">10.00 \u20ac<\/td><\/tr><tr><td>Bagel \u00e0 la tomate et mozzarella<\/td><td class=\"has-text-align-right\" data-align=\"right\">9.00 \u20ac<\/td><\/tr><tr><td>Pain perdu<\/td><td class=\"has-text-align-right\" data-align=\"right\">7.00 \u20ac<\/td><\/tr><tr><td>Yaourt avec granola, fruits et miel<\/td><td class=\"has-text-align-right\" data-align=\"right\">9.00 \u20ac<\/td><\/tr><\/tbody><\/table><\/figure>\n\n\n\n<p><strong>Certains de nos plats peuvent contenir des allerg\u00e8nes.<\/strong> Merci d\u2019informer notre personnel de toute allergie ou intol\u00e9rance.<\/p>\n","protected":false},"excerpt":{"rendered":"<p>Menu Brunch Croissants, confiture, beurre, salade de fruits, cappuccino ou caf\u00e9, et jus frais 10.00 \u20ac Flocons d\u2019avoine avec fruits de saison et miel, jus frais, infusion ou caf\u00e9 11.00 \u20ac Planche de d\u00e9gustation de houmous de saison, crudit\u00e9s, pain maison grill\u00e9, gressins, olives, pickles et fruits (pour 2 personnes) 18.50 \u20ac Bol de fruits de saison, yaourt, granola maison, tartine \u00e0 l\u2019avocat, tomates cerises et coriandre, jus frais, th\u00e9 ou caf\u00e9 13.00 \u20ac Pain maison, beurre, \u0153ufs, champignons, avocat, cr\u00e8me de poivron r\u00f4ti, jus frais, infusion ou caf\u00e9 13.00 \u20ac Pain maison, beurre, charcuterie, fromage et \u0153uf dur 12.00 \u20ac \u0152ufs B\u00e9n\u00e9dicte Royal au thon ou Florentine, salade de fruits, jus frais, infusion ou caf\u00e9 15.00 \u20ac Brunch \u00e0 la carte Panier de pain maison 2.50 \u20ac \u0152uf bio dur 2.50 \u20ac \u0152ufs B\u00e9n\u00e9dicte au thon durable 9.00 \u20ac \u0152ufs Florentine 9.00 \u20ac \u0152ufs Royal 10.00 \u20ac Tartines \u00e0 l\u2019avocat 9.00 \u20ac Omelette fran\u00e7aise 10.00 \u20ac Bagel \u00e0 la tomate et mozzarella 9.00 \u20ac Pain perdu 7.00 \u20ac Yaourt avec granola, fruits et miel 9.00 \u20ac Certains de nos plats peuvent contenir des allerg\u00e8nes. Merci d\u2019informer notre personnel de toute allergie ou intol\u00e9rance.<\/p>\n","protected":false},"author":2,"featured_media":3233,"parent":0,"menu_order":0,"comment_status":"closed","ping_status":"closed","template":"template-vinos.php","meta":{"inline_featured_image":false,"footnotes":""},"class_list":["post-3920","page","type-page","status-publish","has-post-thumbnail","hentry"],"jetpack_sharing_enabled":true,"_links":{"self":[{"href":"https:\/\/lartesa.es\/fr\/wp-json\/wp\/v2\/pages\/3920","targetHints":{"allow":["GET"]}}],"collection":[{"href":"https:\/\/lartesa.es\/fr\/wp-json\/wp\/v2\/pages"}],"about":[{"href":"https:\/\/lartesa.es\/fr\/wp-json\/wp\/v2\/types\/page"}],"author":[{"embeddable":true,"href":"https:\/\/lartesa.es\/fr\/wp-json\/wp\/v2\/users\/2"}],"replies":[{"embeddable":true,"href":"https:\/\/lartesa.es\/fr\/wp-json\/wp\/v2\/comments?post=3920"}],"version-history":[{"count":3,"href":"https:\/\/lartesa.es\/fr\/wp-json\/wp\/v2\/pages\/3920\/revisions"}],"predecessor-version":[{"id":3934,"href":"https:\/\/lartesa.es\/fr\/wp-json\/wp\/v2\/pages\/3920\/revisions\/3934"}],"wp:featuredmedia":[{"embeddable":true,"href":"https:\/\/lartesa.es\/fr\/wp-json\/wp\/v2\/media\/3233"}],"wp:attachment":[{"href":"https:\/\/lartesa.es\/fr\/wp-json\/wp\/v2\/media?parent=3920"}],"curies":[{"name":"wp","href":"https:\/\/api.w.org\/{rel}","templated":true}]}}