{"id":4234,"date":"2025-09-30T22:44:39","date_gmt":"2025-09-30T21:44:39","guid":{"rendered":"https:\/\/lartesa.es\/?page_id=4234"},"modified":"2025-10-26T13:58:35","modified_gmt":"2025-10-26T12:58:35","slug":"menu-del-dia","status":"publish","type":"page","link":"https:\/\/lartesa.es\/fr\/menu-del-dia\/","title":{"rendered":"Menu du jour"},"content":{"rendered":"<p>[cl_row][cl_column][cl_text]<\/p>\n<h2 class=\"wp-block-heading\">Menu du jour<\/h2>\n<figure class=\"wp-block-table is-style-stripes\">\n<\/figure>\n<p><b><u>PETIT-D\u00c9JEUNER<\/u><\/b><\/p>\n<p><b>MENU PETIT-D\u00c9JEUNER L\u2019ARTES\u00c0 \u2013&nbsp;<\/b><span style=\"letter-spacing: 0px\"><b>7,00 \u20ac<\/b><\/span><\/p>\n<p>Tartine de tomate + jus + caf\u00e9&nbsp;<\/p>\n<p><b>\u00c0 LA CARTE<\/b><\/p>\n<p>Tartine de tomate \u2013 2,80 \u20ac<\/p>\n<p>Tartine de tomate et jambon serrano \u2013 4,50 \u20ac<\/p>\n<p>Tartine de fromage \u00e0 tartiner et avocat \u2013 4,50 \u20ac<\/p>\n<p>Croissant \u2013 3,00 \u20ac<\/p>\n<p><u><b>MENU \u00ab&nbsp;ALMUERZO&nbsp;\u00bb L\u2019ARTES\u00c0 \u2013&nbsp;<\/b><span style=\"letter-spacing: 0px\"><b>10,00 \u20ac<\/b><\/span><\/u><\/p>\n<p>Salade de saison + Sandwich au choix * + Caf\u00e9 + Boisson&nbsp;<\/p>\n<p><b>SANDWICH DU JOUR<\/b> (au choix pour le menu \u00ab&nbsp;Almuerzo&nbsp;\u00bb)<\/p>\n<p>Omelette du jour \u2013 5,00 \u20ac<\/p>\n<p>B\u0153uf, oignon et fromage \u2013 6,00 \u20ac<\/p>\n<p>Calamars \u00e0 la plancha avec sauce picaeta \u2013 6,00 \u20ac<\/p>\n<p>Tomate, thon et anchois \u2013 5,00 \u20ac<\/p>\n<p><b><u>D\u00c9JEUNER<\/u><\/b><\/p>\n<p><b>MENU DU JOUR L\u2019ARTES\u00c0&nbsp;<\/b><span style=\"letter-spacing: 0px\"><b>15.00 &#8211; 20.00 \u20ac<\/b><\/span><\/p>\n<p>Entr\u00e9e + Plat principal + Dessert&nbsp;<\/p>\n<h2 class=\"wp-block-heading\">Caf\u00e9s, th\u00e9s &amp; boissons<\/h2>\n<figure class=\"wp-block-table is-style-stripes\">\n<table class=\"has-fixed-layout\">\n<tbody>\n<tr>\n<td>Expresso<\/td>\n<td class=\"has-text-align-right\" data-align=\"right\">1.80 \u20ac<\/td>\n<\/tr>\n<tr>\n<td>Cortado<\/td>\n<td class=\"has-text-align-right\" data-align=\"right\">2.00 \u20ac<\/td>\n<\/tr>\n<tr>\n<td>Caf\u00e9 au lait<\/td>\n<td class=\"has-text-align-right\" data-align=\"right\">2.20 \u20ac<\/td>\n<\/tr>\n<tr>\n<td>Carajillo<\/td>\n<td class=\"has-text-align-right\" data-align=\"right\">2.80 \u20ac<\/td>\n<\/tr>\n<tr>\n<td>Cappuccino<\/td>\n<td class=\"has-text-align-right\" data-align=\"right\">2.20 \u20ac<\/td>\n<\/tr>\n<tr>\n<td>Cremaet L\u2019Artes\u00e0<\/td>\n<td class=\"has-text-align-right\" data-align=\"right\">3.00 \u20ac<\/td>\n<\/tr>\n<tr>\n<td>S\u00e9lection de th\u00e9s et rooibos<\/td>\n<td class=\"has-text-align-right\" data-align=\"right\">2.50 \u20ac<\/td>\n<\/tr>\n<tr>\n<td>S\u00e9lection d\u2019infusions<\/td>\n<td class=\"has-text-align-right\" data-align=\"right\">3.00 \u20ac<\/td>\n<\/tr>\n<tr>\n<td>Vin de la maison<\/td>\n<td class=\"has-text-align-right\" data-align=\"right\">3.00 \u20ac<\/td>\n<\/tr>\n<tr>\n<td>Bi\u00e8re 25&nbsp;cl<\/td>\n<td class=\"has-text-align-right\" data-align=\"right\">2.00 \u20ac<\/td>\n<\/tr>\n<tr>\n<td>Bi\u00e8re 33&nbsp;cl<\/td>\n<td class=\"has-text-align-right\" data-align=\"right\">2.50 \u20ac<\/td>\n<\/tr>\n<tr>\n<td>Bi\u00e8re 50&nbsp;cl<\/td>\n<td class=\"has-text-align-right\" data-align=\"right\">3.50 \u20ac<\/td>\n<\/tr>\n<tr>\n<td>Bouteille (33cl)<\/td>\n<td class=\"has-text-align-right\" data-align=\"right\">2.40 \u20ac<\/td>\n<\/tr>\n<tr>\n<td>Jus d\u2019orange frais<\/td>\n<td class=\"has-text-align-right\" data-align=\"right\">3.00 \u20ac<\/td>\n<\/tr>\n<\/tbody>\n<\/table>\n<\/figure>\n<p><strong>La r\u00e9colte du jour de L\u2019Artes\u00e0, fra\u00eechement cueillie dans nos champs,<\/strong><\/p>\n<p><strong>est chaque jour pleine de surprises ; notre \u00e9quipe vous propose les suggestions du moment !<\/strong><\/p>\n<p>Certains de nos plats peuvent contenir des allerg\u00e8nes. Veuillez informer notre personnel de toute allergie ou intol\u00e9rance.<\/p>\n<p>[\/cl_text][\/cl_column][\/cl_row]<\/p>\n","protected":false},"excerpt":{"rendered":"<p>[cl_row][cl_column][cl_text] Menu du jour PETIT-D\u00c9JEUNER MENU PETIT-D\u00c9JEUNER L\u2019ARTES\u00c0 \u2013&nbsp;7,00 \u20ac Tartine de tomate + jus + caf\u00e9&nbsp; \u00c0 LA CARTE Tartine de tomate \u2013 2,80 \u20ac Tartine de tomate et jambon serrano \u2013 4,50 \u20ac Tartine de fromage \u00e0 tartiner et avocat \u2013 4,50 \u20ac Croissant \u2013 3,00 \u20ac MENU \u00ab&nbsp;ALMUERZO&nbsp;\u00bb L\u2019ARTES\u00c0 \u2013&nbsp;10,00 \u20ac Salade de saison + Sandwich au choix * + Caf\u00e9 + Boisson&nbsp; SANDWICH DU JOUR (au choix pour le menu \u00ab&nbsp;Almuerzo&nbsp;\u00bb) Omelette du jour \u2013 5,00 \u20ac B\u0153uf, oignon et fromage \u2013 6,00 \u20ac Calamars \u00e0 la plancha avec sauce picaeta \u2013 6,00 \u20ac Tomate, thon et anchois \u2013 5,00 \u20ac D\u00c9JEUNER MENU DU JOUR L\u2019ARTES\u00c0&nbsp;15.00 &#8211; 20.00 \u20ac Entr\u00e9e + Plat principal + Dessert&nbsp; Caf\u00e9s, th\u00e9s &amp; boissons Expresso 1.80 \u20ac Cortado 2.00 \u20ac Caf\u00e9 au lait 2.20 \u20ac Carajillo 2.80 \u20ac Cappuccino 2.20 \u20ac Cremaet L\u2019Artes\u00e0 3.00 \u20ac S\u00e9lection de th\u00e9s et rooibos 2.50 \u20ac S\u00e9lection d\u2019infusions 3.00 \u20ac Vin de la maison 3.00 \u20ac Bi\u00e8re 25&nbsp;cl 2.00 \u20ac Bi\u00e8re 33&nbsp;cl 2.50 \u20ac Bi\u00e8re 50&nbsp;cl 3.50 \u20ac Bouteille (33cl) 2.40 \u20ac Jus d\u2019orange frais 3.00 \u20ac La r\u00e9colte du jour de L\u2019Artes\u00e0, fra\u00eechement cueillie dans nos champs, est chaque jour pleine de surprises ; [&hellip;]<\/p>\n","protected":false},"author":2,"featured_media":3227,"parent":0,"menu_order":0,"comment_status":"closed","ping_status":"closed","template":"template-vinos.php","meta":{"inline_featured_image":false,"footnotes":""},"class_list":["post-4234","page","type-page","status-publish","has-post-thumbnail","hentry"],"jetpack_sharing_enabled":true,"_links":{"self":[{"href":"https:\/\/lartesa.es\/fr\/wp-json\/wp\/v2\/pages\/4234","targetHints":{"allow":["GET"]}}],"collection":[{"href":"https:\/\/lartesa.es\/fr\/wp-json\/wp\/v2\/pages"}],"about":[{"href":"https:\/\/lartesa.es\/fr\/wp-json\/wp\/v2\/types\/page"}],"author":[{"embeddable":true,"href":"https:\/\/lartesa.es\/fr\/wp-json\/wp\/v2\/users\/2"}],"replies":[{"embeddable":true,"href":"https:\/\/lartesa.es\/fr\/wp-json\/wp\/v2\/comments?post=4234"}],"version-history":[{"count":10,"href":"https:\/\/lartesa.es\/fr\/wp-json\/wp\/v2\/pages\/4234\/revisions"}],"predecessor-version":[{"id":4370,"href":"https:\/\/lartesa.es\/fr\/wp-json\/wp\/v2\/pages\/4234\/revisions\/4370"}],"wp:featuredmedia":[{"embeddable":true,"href":"https:\/\/lartesa.es\/fr\/wp-json\/wp\/v2\/media\/3227"}],"wp:attachment":[{"href":"https:\/\/lartesa.es\/fr\/wp-json\/wp\/v2\/media?parent=4234"}],"curies":[{"name":"wp","href":"https:\/\/api.w.org\/{rel}","templated":true}]}}